{"id":2988,"date":"2021-12-27T12:30:07","date_gmt":"2021-12-27T11:30:07","guid":{"rendered":"https:\/\/www.turanoresort.it\/relax\/"},"modified":"2022-06-03T10:46:43","modified_gmt":"2022-06-03T08:46:43","slug":"relax","status":"publish","type":"page","link":"https:\/\/www.turanoresort.it\/fr\/relax\/","title":{"rendered":"Relax"},"content":{"rendered":"<p><div class=\"fusion-fullwidth fullwidth-box fusion-builder-row-1 fusion-flex-container nonhundred-percent-fullwidth non-hundred-percent-height-scrolling\" style=\"background-color: rgba(255,255,255,0);background-position: left top;background-repeat: no-repeat;border-width: 0px 0px 0px 0px;border-color:#eae9e9;border-style:solid;\" ><div class=\"fusion-builder-row fusion-row fusion-flex-align-items-flex-start\" style=\"max-width:1216.8px;margin-left: calc(-4% \/ 2 );margin-right: calc(-4% \/ 2 );\"><div class=\"fusion-layout-column fusion_builder_column fusion-builder-column-0 fusion_builder_column_1_2 1_2 fusion-flex-column\"><div class=\"fusion-column-wrapper fusion-flex-justify-content-flex-start fusion-content-layout-column\" style=\"background-position:left top;background-repeat:no-repeat;-webkit-background-size:cover;-moz-background-size:cover;-o-background-size:cover;background-size:cover;padding: 0px 4% 0px 4%;\"><style type=\"text\/css\">@media only screen and (max-width:1024px) {.fusion-title.fusion-title-1{margin-top:!important;margin-right:!important;margin-bottom:0px!important; margin-left:!important;}}@media only screen and (max-width:640px) {.fusion-title.fusion-title-1{margin-top:0px!important; margin-right:0px!important;margin-bottom:0px!important; margin-left:0px!important;}}<\/style><div class=\"fusion-title title fusion-title-1 fusion-title-center fusion-title-text fusion-title-size-two\" style=\"font-size:13px;margin-top:0px;margin-right:0px;margin-bottom:0px;margin-left:0px;\"><div class=\"title-sep-container title-sep-container-left\"><div class=\"title-sep sep-\" style=\"border-color:#e0dede;\"><\/div><\/div><span class=\"awb-title-spacer\"><\/span><h2 class=\"title-heading-center fusion-responsive-typography-calculated\" style=\"font-family:&quot;Questrial&quot;;font-weight:400;margin:0;font-size:1em;letter-spacing:4px;--fontSize:13;--minFontSize:13px;line-height:1.69;\">PROFITEZ DE LA DETENTE<\/h2><span class=\"awb-title-spacer\"><\/span><div class=\"title-sep-container title-sep-container-right\"><div class=\"title-sep sep-\" style=\"border-color:#e0dede;\"><\/div><\/div><\/div><style type=\"text\/css\">@media only screen and (max-width:1024px) {.fusion-title.fusion-title-2{margin-top:0px!important; margin-right:0px!important;margin-bottom:20px!important;margin-left:0px!important;}}@media only screen and (max-width:640px) {.fusion-title.fusion-title-2{margin-top:0px!important; margin-right:0px!important;margin-bottom:20px!important; margin-left:0px!important;}}<\/style><div class=\"fusion-title title fusion-title-2 fusion-title-center fusion-title-text fusion-title-size-three\" style=\"font-size:46px;margin-top:0px;margin-right:0px;margin-bottom:20px;margin-left:0px;\"><div class=\"title-sep-container title-sep-container-left\"><div class=\"title-sep sep-\" style=\"border-color:#e0dede;\"><\/div><\/div><span class=\"awb-title-spacer\"><\/span><h3 class=\"title-heading-center fusion-responsive-typography-calculated\" style=\"margin:0;font-size:1em;--fontSize:46;line-height:1.67;\">Centre de sant\u00e9<\/h3><span class=\"awb-title-spacer\"><\/span><div class=\"title-sep-container title-sep-container-right\"><div class=\"title-sep sep-\" style=\"border-color:#e0dede;\"><\/div><\/div><\/div><div class=\"fusion-separator\" style=\"align-self: center;margin-left: auto;margin-right: auto;margin-top:0px;margin-bottom:20px;width:100%;max-width:50px;\"><div class=\"fusion-separator-border sep-single sep-solid\" style=\"border-color:#cbaa5c;border-top-width:1px;\"><\/div><\/div><div class=\"fusion-text fusion-text-1\" style=\"text-align:center;\"><p>Le culte de la beaut\u00e9 et des soins du corps que nous avons red\u00e9couvert au fil des si\u00e8cles et qui rappelle le besoin toujours pr\u00e9sent de la personne de se sentir bien dans son corps, peut \u00eatre consid\u00e9r\u00e9 comme un cadeau que les civilisations anciennes ont fait \u00e0 notre \u00e8re technologique.<\/p>\n<p>Un cadeau dont nous pouvons profiter en choisissant un lieu magique et enchanteur, entour\u00e9 de paysages enchant\u00e9s et d&#8217;un environnement accueillant et discret comme celui du Turano Resort Relaxation Center : le premier et le seul Resort sur le lac Turano, immerg\u00e9 en pleine harmonie avec le milieu naturel dans lequel il est ins\u00e9r\u00e9.<\/p>\n<\/div><div style=\"text-align:center;\"><span class=\" fusion-imageframe imageframe-none imageframe-1 hover-type-none\"><img width=\"1124\" height=\"782\" title=\"spa_pres_img1\" src=\"data:image\/svg+xml,%3Csvg%20xmlns%3D%27http%3A%2F%2Fwww.w3.org%2F2000%2Fsvg%27%20width%3D%271124%27%20height%3D%27782%27%20viewBox%3D%270%200%201124%20782%27%3E%3Crect%20width%3D%271124%27%20height%3D%27782%27%20fill-opacity%3D%220%22%2F%3E%3C%2Fsvg%3E\" data-orig-src=\"https:\/\/www.turanoresort.it\/wp-content\/uploads\/2015\/02\/spa_pres_img1.jpg\" alt class=\"lazyload img-responsive wp-image-2282\"\/><\/span><\/div><\/div><style type=\"text\/css\">.fusion-body .fusion-builder-column-0{width:50% !important;margin-top : 0px;margin-bottom : 20px;}.fusion-builder-column-0 > .fusion-column-wrapper {padding-top : 0px !important;padding-right : 4% !important;margin-right : 3.84%;padding-bottom : 0px !important;padding-left : 4% !important;margin-left : 3.84%;}@media only screen and (max-width:1024px) {.fusion-body .fusion-builder-column-0{width:100% !important;}.fusion-builder-column-0 > .fusion-column-wrapper {padding-right : 4% !important;margin-right : 1.92%;padding-left : 4% !important;margin-left : 1.92%;}}@media only screen and (max-width:640px) {.fusion-body .fusion-builder-column-0{width:100% !important;}.fusion-builder-column-0 > .fusion-column-wrapper {margin-right : 1.92%;margin-left : 1.92%;}}<\/style><\/div><div class=\"fusion-layout-column fusion_builder_column fusion-builder-column-1 fusion_builder_column_1_2 1_2 fusion-flex-column\"><div class=\"fusion-column-wrapper fusion-flex-justify-content-flex-start fusion-content-layout-column\" style=\"background-position:left top;background-repeat:no-repeat;-webkit-background-size:cover;-moz-background-size:cover;-o-background-size:cover;background-size:cover;background-color:#ffffff;border-width: 1px 1px 1px 1px;border-color:#ebeef1;border-style:solid;padding: 40px 40px 40px 40px;\"><div style=\"text-align:center;\"><div class=\"awb-image-frame awb-image-frame-2 imageframe-liftup\"><span class=\" fusion-imageframe imageframe-dropshadow imageframe-2\" style=\"border:13px solid #ffffff;-webkit-box-shadow: 3px 3px 7px rgba(0,0,0,0.3);box-shadow: 3px 3px 7px rgba(0,0,0,0.3);\"><img width=\"1650\" height=\"2348\" title=\"spa_woman_treatment1\" src=\"data:image\/svg+xml,%3Csvg%20xmlns%3D%27http%3A%2F%2Fwww.w3.org%2F2000%2Fsvg%27%20width%3D%271650%27%20height%3D%272348%27%20viewBox%3D%270%200%201650%202348%27%3E%3Crect%20width%3D%271650%27%20height%3D%272348%27%20fill-opacity%3D%220%22%2F%3E%3C%2Fsvg%3E\" data-orig-src=\"https:\/\/www.turanoresort.it\/wp-content\/uploads\/2015\/02\/spa_woman_treatment1.jpg\" alt class=\"lazyload img-responsive wp-image-2280\"\/><\/span><\/div><\/div><\/div><style type=\"text\/css\">.fusion-body .fusion-builder-column-1{width:50% !important;margin-top : 0px;margin-bottom : 20px;}.fusion-builder-column-1 > .fusion-column-wrapper {padding-top : 40px !important;padding-right : 40px !important;margin-right : 3.84%;padding-bottom : 40px !important;padding-left : 40px !important;margin-left : 3.84%;}@media only screen and (max-width:1024px) {.fusion-body .fusion-builder-column-1{width:100% !important;margin-bottom : 48px;}.fusion-builder-column-1 > .fusion-column-wrapper {margin-right : 1.92%;margin-left : 1.92%;}}@media only screen and (max-width:640px) {.fusion-body .fusion-builder-column-1{width:100% !important;}.fusion-builder-column-1 > .fusion-column-wrapper {margin-right : 1.92%;margin-left : 1.92%;}}<\/style><\/div><div class=\"fusion-layout-column fusion_builder_column fusion-builder-column-2 fusion_builder_column_1_1 1_1 fusion-flex-column\"><div class=\"fusion-column-wrapper fusion-flex-justify-content-flex-start fusion-content-layout-column\" style=\"background-position:left top;background-repeat:no-repeat;-webkit-background-size:cover;-moz-background-size:cover;-o-background-size:cover;background-size:cover;padding: 0px 0px 0px 0px;\"><div class=\"fusion-text fusion-text-2\" style=\"text-align:center;margin-top:25px;\"><h4>Les services du spa doivent \u00eatre r\u00e9serv\u00e9s \u00e0 l&#8217;avance (bain \u00e0 remous, sauna, bain turc)<\/h4>\n<\/div><\/div><style type=\"text\/css\">.fusion-body .fusion-builder-column-2{width:100% !important;margin-top : 0px;margin-bottom : 20px;}.fusion-builder-column-2 > .fusion-column-wrapper {padding-top : 0px !important;padding-right : 0px !important;margin-right : 1.92%;padding-bottom : 0px !important;padding-left : 0px !important;margin-left : 1.92%;}@media only screen and (max-width:1024px) {.fusion-body .fusion-builder-column-2{width:100% !important;order : 0;}.fusion-builder-column-2 > .fusion-column-wrapper {margin-right : 1.92%;margin-left : 1.92%;}}@media only screen and (max-width:640px) {.fusion-body .fusion-builder-column-2{width:100% !important;order : 0;}.fusion-builder-column-2 > .fusion-column-wrapper {margin-right : 1.92%;margin-left : 1.92%;}}<\/style><\/div><\/div><style type=\"text\/css\">.fusion-body .fusion-flex-container.fusion-builder-row-1{ padding-top : 0px;margin-top : 0px;padding-right : 0px;padding-bottom : 85px;margin-bottom : 0px;padding-left : 0px;}@media only screen and (max-width:1024px) {.fusion-body .fusion-flex-container.fusion-builder-row-1{ padding-bottom : 50px;}}<\/style><\/div><div class=\"fusion-bg-parallax\" data-bg-align=\"center bottom\" data-direction=\"up\" data-mute=\"false\" data-opacity=\"100\" data-velocity=\"-0.3\" data-mobile-enabled=\"false\" data-break_parents=\"0\" data-bg-image=\"https:\/\/www.turanoresort.it\/wp-content\/uploads\/2015\/02\/spa_bg_footer.jpg\" data-bg-repeat=\"false\" data-bg-color=\"#f4f6f8\" ><\/div><div class=\"fusion-fullwidth fullwidth-box fusion-builder-row-2 fusion-flex-container fusion-parallax-up nonhundred-percent-fullwidth non-hundred-percent-height-scrolling lazyload\" style=\"background-color: #f4f6f8;background-position: center bottom;background-repeat: no-repeat;border-width: 0px 0px 0px 0px;border-color:#eae9e9;border-style:solid;-webkit-background-size:cover;-moz-background-size:cover;-o-background-size:cover;background-size:cover;\" data-bg=\"https:\/\/www.turanoresort.it\/wp-content\/uploads\/2015\/02\/spa_bg_footer.jpg\" ><div class=\"fusion-builder-row fusion-row fusion-flex-align-items-flex-start\" style=\"max-width:calc( 1170px + 0px );margin-left: calc(-0px \/ 2 );margin-right: calc(-0px \/ 2 );\"><div class=\"fusion-layout-column fusion_builder_column fusion-builder-column-3 fusion_builder_column_1_1 1_1 fusion-flex-column fusion-flex-align-self-flex-start fusion-column-no-min-height\"><div class=\"fusion-column-wrapper fusion-flex-justify-content-flex-start fusion-content-layout-column\" style=\"background-position:left top;background-repeat:no-repeat;-webkit-background-size:cover;-moz-background-size:cover;-o-background-size:cover;background-size:cover;padding: 0px 0px 0px 0px;\"><div style=\"text-align:center;\"><span class=\" fusion-imageframe imageframe-none imageframe-3 hover-type-none\"><img width=\"370\" height=\"82\" title=\"Flowers Top\" src=\"data:image\/svg+xml,%3Csvg%20xmlns%3D%27http%3A%2F%2Fwww.w3.org%2F2000%2Fsvg%27%20width%3D%27370%27%20height%3D%2782%27%20viewBox%3D%270%200%20370%2082%27%3E%3Crect%20width%3D%27370%27%20height%3D%2782%27%20fill-opacity%3D%220%22%2F%3E%3C%2Fsvg%3E\" data-orig-src=\"https:\/\/www.turanoresort.it\/wp-content\/uploads\/2015\/01\/flowers_top.png\" alt class=\"lazyload img-responsive wp-image-2156\"\/><\/span><\/div><\/div><style type=\"text\/css\">.fusion-body .fusion-builder-column-3{width:100% !important;margin-top : 0px;margin-bottom : 20px;}.fusion-builder-column-3 > .fusion-column-wrapper {padding-top : 0px !important;padding-right : 0px !important;margin-right : 0px;padding-bottom : 0px !important;padding-left : 0px !important;margin-left : 0px;}@media only screen and (max-width:1024px) {.fusion-body .fusion-builder-column-3{width:100% !important;}.fusion-builder-column-3 > .fusion-column-wrapper {margin-right : 0px;margin-left : 0px;}}@media only screen and (max-width:640px) {.fusion-body .fusion-builder-column-3{width:100% !important;}.fusion-builder-column-3 > .fusion-column-wrapper {margin-right : 0px;margin-left : 0px;}}<\/style><\/div><div class=\"fusion-layout-column fusion_builder_column fusion-builder-column-4 fusion_builder_column_1_1 1_1 fusion-flex-column fusion-flex-align-self-flex-start fusion-column-no-min-height\"><div class=\"fusion-column-wrapper fusion-flex-justify-content-flex-start fusion-content-layout-column\" style=\"background-position:left top;background-repeat:no-repeat;-webkit-background-size:cover;-moz-background-size:cover;-o-background-size:cover;background-size:cover;padding: 0px 0px 0px 0px;\"><style type=\"text\/css\">@media only screen and (max-width:1024px) {.fusion-title.fusion-title-3{margin-top:0px!important; margin-right:0px!important;margin-bottom:20px!important;margin-left:0px!important;}}@media only screen and (max-width:640px) {.fusion-title.fusion-title-3{margin-top:0px!important; margin-right:0px!important;margin-bottom:20px!important; margin-left:0px!important;}}<\/style><div class=\"fusion-title title fusion-title-3 fusion-title-center fusion-title-text fusion-title-size-three\" style=\"font-size:46px;margin-top:0px;margin-right:0px;margin-bottom:20px;margin-left:0px;\"><div class=\"title-sep-container title-sep-container-left\"><div class=\"title-sep sep-\" style=\"border-color:#e0dede;\"><\/div><\/div><span class=\"awb-title-spacer\"><\/span><h3 class=\"title-heading-center fusion-responsive-typography-calculated\" style=\"margin:0;font-size:1em;--fontSize:46;line-height:1.67;\">Nos forfaits sp\u00e9ciaux<\/h3><span class=\"awb-title-spacer\"><\/span><div class=\"title-sep-container title-sep-container-right\"><div class=\"title-sep sep-\" style=\"border-color:#e0dede;\"><\/div><\/div><\/div><div class=\"fusion-separator\" style=\"align-self: center;margin-left: auto;margin-right: auto;margin-top:15px;margin-bottom:50px;width:100%;max-width:50px;\"><div class=\"fusion-separator-border sep-single sep-solid\" style=\"border-color:#cbaa5c;border-top-width:1px;\"><\/div><\/div><\/div><style type=\"text\/css\">.fusion-body .fusion-builder-column-4{width:100% !important;margin-top : 0px;margin-bottom : 0px;}.fusion-builder-column-4 > .fusion-column-wrapper {padding-top : 0px !important;padding-right : 0px !important;margin-right : 0px;padding-bottom : 0px !important;padding-left : 0px !important;margin-left : 0px;}@media only screen and (max-width:1024px) {.fusion-body .fusion-builder-column-4{width:100% !important;}.fusion-builder-column-4 > .fusion-column-wrapper {margin-right : 0px;margin-left : 0px;}}@media only screen and (max-width:640px) {.fusion-body .fusion-builder-column-4{width:100% !important;}.fusion-builder-column-4 > .fusion-column-wrapper {margin-right : 0px;margin-left : 0px;}}<\/style><\/div><div class=\"fusion-layout-column fusion_builder_column fusion-builder-column-5 fusion_builder_column_1_1 1_1 fusion-flex-column\"><div class=\"fusion-column-wrapper fusion-flex-justify-content-flex-start fusion-content-layout-column\" style=\"background-position:left top;background-repeat:no-repeat;-webkit-background-size:cover;-moz-background-size:cover;-o-background-size:cover;background-size:cover;background-color:#ffffff;padding: 30px 30px 20px 30px;\"><div class=\"fusion-recent-posts fusion-recent-posts-1 avada-container layout-default layout-columns-3\"><section class=\"fusion-columns columns fusion-columns-3 columns-3\"><article class=\"post fusion-column column col col-lg-4 col-md-4 col-sm-4\"><div class=\"fusion-flexslider fusion-flexslider-loading flexslider flexslider-hover-type-liftup\"><ul class=\"slides\"><li><a href=\"https:\/\/www.turanoresort.it\/fr\/turano-relax-deluxe\/\" aria-label=\"Turano Relax &#8211; Deluxe\" class=\"hover-type-liftup\"><img width=\"600\" height=\"441\" src=\"data:image\/svg+xml,%3Csvg%20xmlns%3D%27http%3A%2F%2Fwww.w3.org%2F2000%2Fsvg%27%20width%3D%27600%27%20height%3D%27600%27%20viewBox%3D%270%200%20600%20600%27%3E%3Crect%20width%3D%27600%27%20height%3D%27600%27%20fill-opacity%3D%220%22%2F%3E%3C%2Fsvg%3E\" class=\"attachment-recent-posts size-recent-posts lazyload\" alt=\"\" data-orig-src=\"https:\/\/www.turanoresort.it\/wp-content\/uploads\/2021\/12\/turano-relax-delux_ok-600x441.jpg\" \/><\/a><\/li><\/ul><\/div><div class=\"recent-posts-content\"><span class=\"vcard\" style=\"display: none;\"><span class=\"fn\"><a href=\"https:\/\/www.turanoresort.it\/fr\/author\/admin9678\/\" title=\"Articles par admin9678\" rel=\"author\">admin9678<\/a><\/span><\/span><span class=\"updated\" style=\"display:none;\">2021-12-27T11:05:00+01:00<\/span><h4 class=\"entry-title\"><a href=\"https:\/\/www.turanoresort.it\/fr\/turano-relax-deluxe\/\">Turano Relax &#8211; Deluxe<\/a><\/h4><p>  Turano Relax - Deluxe    Per chi prenota una notte in camera matrimoniale doppia Sauna, bagno turco, vasca idromassaggio Apertura centro dalle 17:00 alle [...]<\/p><\/div><\/article><article class=\"post fusion-column column col col-lg-4 col-md-4 col-sm-4\"><div class=\"fusion-flexslider fusion-flexslider-loading flexslider flexslider-hover-type-liftup\"><ul class=\"slides\"><li><a href=\"https:\/\/www.turanoresort.it\/fr\/turano-relax-romantic\/\" aria-label=\"Turano Relax &#8211; Romantic\" class=\"hover-type-liftup\"><img width=\"600\" height=\"441\" src=\"data:image\/svg+xml,%3Csvg%20xmlns%3D%27http%3A%2F%2Fwww.w3.org%2F2000%2Fsvg%27%20width%3D%27600%27%20height%3D%27600%27%20viewBox%3D%270%200%20600%20600%27%3E%3Crect%20width%3D%27600%27%20height%3D%27600%27%20fill-opacity%3D%220%22%2F%3E%3C%2Fsvg%3E\" class=\"attachment-recent-posts size-recent-posts lazyload\" alt=\"\" data-orig-src=\"https:\/\/www.turanoresort.it\/wp-content\/uploads\/2015\/06\/turano-relax-romantic_001-600x441.jpg\" \/><\/a><\/li><\/ul><\/div><div class=\"recent-posts-content\"><span class=\"vcard\" style=\"display: none;\"><span class=\"fn\"><a href=\"https:\/\/www.turanoresort.it\/fr\/author\/admin9678\/\" title=\"Articles par admin9678\" rel=\"author\">admin9678<\/a><\/span><\/span><span class=\"updated\" style=\"display:none;\">2021-12-27T11:04:10+01:00<\/span><h4 class=\"entry-title\"><a href=\"https:\/\/www.turanoresort.it\/fr\/turano-relax-romantic\/\">Turano Relax &#8211; Romantic<\/a><\/h4><p>  Turano Relax - Romantic    Camera matrimoniale Accesso esclusivo con cena a lume di candela all'interno del centro relax Aperitivo in barca \u20ac 300,00 [...]<\/p><\/div><\/article><article class=\"post fusion-column column col col-lg-4 col-md-4 col-sm-4\"><div class=\"fusion-flexslider fusion-flexslider-loading flexslider flexslider-hover-type-liftup\"><ul class=\"slides\"><li><a href=\"https:\/\/www.turanoresort.it\/fr\/turano-relax-standard\/\" aria-label=\"Turano Relax &#8211; Standard\" class=\"hover-type-liftup\"><img width=\"600\" height=\"441\" src=\"data:image\/svg+xml,%3Csvg%20xmlns%3D%27http%3A%2F%2Fwww.w3.org%2F2000%2Fsvg%27%20width%3D%27600%27%20height%3D%27600%27%20viewBox%3D%270%200%20600%20600%27%3E%3Crect%20width%3D%27600%27%20height%3D%27600%27%20fill-opacity%3D%220%22%2F%3E%3C%2Fsvg%3E\" class=\"attachment-recent-posts size-recent-posts lazyload\" alt=\"\" data-orig-src=\"https:\/\/www.turanoresort.it\/wp-content\/uploads\/2021\/12\/centro-relax-standard-600x441.jpg\" \/><\/a><\/li><\/ul><\/div><div class=\"recent-posts-content\"><span class=\"vcard\" style=\"display: none;\"><span class=\"fn\"><a href=\"https:\/\/www.turanoresort.it\/fr\/author\/admin9678\/\" title=\"Articles par admin9678\" rel=\"author\">admin9678<\/a><\/span><\/span><span class=\"updated\" style=\"display:none;\">2021-12-27T11:02:56+01:00<\/span><h4 class=\"entry-title\"><a href=\"https:\/\/www.turanoresort.it\/fr\/turano-relax-standard\/\">Turano Relax &#8211; Standard<\/a><\/h4><p>  Turano Relax - Standard    Sauna, bagno turco, vasca idromassaggio Permanenza 45 minuti Apertura centro Relax dalle 17:00 alle 20:00 \u20ac 35,00 a persona [...]<\/p><\/div><\/article><\/section><\/div><div style=\"text-align:center;\"><style>.fusion-button.button-1{border-radius:0px 0px 0px 0px;}<\/style><a class=\"fusion-button button-flat button-large button-default button-1 fusion-button-default-span \" target=\"_self\" href=\"https:\/\/www.turanoresort.it\/fr\/livre\/\" style=\"margin-top:0px;margin-bottom:40px;\"><span class=\"fusion-button-text fusion-button-text-right\">RESERVE MAINTENANT<\/span><span class=\"fusion-button-icon-divider button-icon-divider-right\"><i class=\"icon-hotel-angle-right-solid\" aria-hidden=\"true\"><\/i><\/span><\/a><\/div><\/div><style type=\"text\/css\">.fusion-body .fusion-builder-column-5{width:100% !important;margin-top : 0px;margin-bottom : 20px;}.fusion-builder-column-5 > .fusion-column-wrapper {padding-top : 30px !important;padding-right : 30px !important;margin-right : 0px;padding-bottom : 20px !important;padding-left : 30px !important;margin-left : 0px;}@media only screen and (max-width:1024px) {.fusion-body .fusion-builder-column-5{width:100% !important;order : 0;}.fusion-builder-column-5 > .fusion-column-wrapper {margin-right : 0px;margin-left : 0px;}}@media only screen and (max-width:640px) {.fusion-body .fusion-builder-column-5{width:100% !important;order : 0;}.fusion-builder-column-5 > .fusion-column-wrapper {margin-right : 0px;margin-left : 0px;}}<\/style><\/div><\/div><style type=\"text\/css\">.fusion-body .fusion-flex-container.fusion-builder-row-2{ padding-top : 0px;margin-top : 0px;padding-right : 0px;padding-bottom : 90px;margin-bottom : 0px;padding-left : 0px;}<\/style><\/div><\/p>\n","protected":false},"excerpt":{"rendered":"","protected":false},"author":1,"featured_media":0,"parent":0,"menu_order":0,"comment_status":"open","ping_status":"closed","template":"100-width.php","meta":[],"yoast_head":"<!-- This site is optimized with the Yoast SEO plugin v19.4 - https:\/\/yoast.com\/wordpress\/plugins\/seo\/ -->\n<title>Relax - Turano Resort &amp; Spa<\/title>\n<meta name=\"robots\" content=\"index, follow, max-snippet:-1, max-image-preview:large, max-video-preview:-1\" \/>\n<link rel=\"canonical\" href=\"https:\/\/www.turanoresort.it\/fr\/relax\/\" \/>\n<meta property=\"og:locale\" content=\"fr_FR\" \/>\n<meta property=\"og:type\" content=\"article\" \/>\n<meta property=\"og:title\" content=\"Relax - Turano Resort &amp; Spa\" \/>\n<meta property=\"og:url\" content=\"https:\/\/www.turanoresort.it\/fr\/relax\/\" \/>\n<meta property=\"og:site_name\" content=\"Turano Resort &amp; Spa\" \/>\n<meta property=\"article:modified_time\" content=\"2022-06-03T08:46:43+00:00\" \/>\n<meta property=\"og:image\" content=\"https:\/\/www.turanoresort.it\/wp-content\/uploads\/2015\/02\/spa_pres_img1.jpg\" \/>\n<meta name=\"twitter:card\" content=\"summary_large_image\" \/>\n<meta name=\"twitter:label1\" content=\"Dur\u00e9e de lecture estim\u00e9e\" \/>\n\t<meta name=\"twitter:data1\" content=\"12 minutes\" \/>\n<script type=\"application\/ld+json\" class=\"yoast-schema-graph\">{\"@context\":\"https:\/\/schema.org\",\"@graph\":[{\"@type\":\"WebSite\",\"@id\":\"https:\/\/www.turanoresort.it\/#website\",\"url\":\"https:\/\/www.turanoresort.it\/\",\"name\":\"Turano Resort &amp; Spa\",\"description\":\"Lago del Turano - Soggiorno da Favola\",\"potentialAction\":[{\"@type\":\"SearchAction\",\"target\":{\"@type\":\"EntryPoint\",\"urlTemplate\":\"https:\/\/www.turanoresort.it\/?s={search_term_string}\"},\"query-input\":\"required name=search_term_string\"}],\"inLanguage\":\"fr-FR\"},{\"@type\":\"WebPage\",\"@id\":\"https:\/\/www.turanoresort.it\/fr\/relax\/\",\"url\":\"https:\/\/www.turanoresort.it\/fr\/relax\/\",\"name\":\"Relax - Turano Resort &amp; Spa\",\"isPartOf\":{\"@id\":\"https:\/\/www.turanoresort.it\/#website\"},\"datePublished\":\"2021-12-27T11:30:07+00:00\",\"dateModified\":\"2022-06-03T08:46:43+00:00\",\"breadcrumb\":{\"@id\":\"https:\/\/www.turanoresort.it\/fr\/relax\/#breadcrumb\"},\"inLanguage\":\"fr-FR\",\"potentialAction\":[{\"@type\":\"ReadAction\",\"target\":[\"https:\/\/www.turanoresort.it\/fr\/relax\/\"]}]},{\"@type\":\"BreadcrumbList\",\"@id\":\"https:\/\/www.turanoresort.it\/fr\/relax\/#breadcrumb\",\"itemListElement\":[{\"@type\":\"ListItem\",\"position\":1,\"name\":\"Home\",\"item\":\"https:\/\/www.turanoresort.it\/fr\/\"},{\"@type\":\"ListItem\",\"position\":2,\"name\":\"Relax\"}]}]}<\/script>\n<!-- \/ Yoast SEO plugin. -->","yoast_head_json":{"title":"Relax - Turano Resort &amp; Spa","robots":{"index":"index","follow":"follow","max-snippet":"max-snippet:-1","max-image-preview":"max-image-preview:large","max-video-preview":"max-video-preview:-1"},"canonical":"https:\/\/www.turanoresort.it\/fr\/relax\/","og_locale":"fr_FR","og_type":"article","og_title":"Relax - Turano Resort &amp; Spa","og_url":"https:\/\/www.turanoresort.it\/fr\/relax\/","og_site_name":"Turano Resort &amp; Spa","article_modified_time":"2022-06-03T08:46:43+00:00","og_image":[{"url":"https:\/\/www.turanoresort.it\/wp-content\/uploads\/2015\/02\/spa_pres_img1.jpg"}],"twitter_card":"summary_large_image","twitter_misc":{"Dur\u00e9e de lecture estim\u00e9e":"12 minutes"},"schema":{"@context":"https:\/\/schema.org","@graph":[{"@type":"WebSite","@id":"https:\/\/www.turanoresort.it\/#website","url":"https:\/\/www.turanoresort.it\/","name":"Turano Resort &amp; Spa","description":"Lago del Turano - Soggiorno da Favola","potentialAction":[{"@type":"SearchAction","target":{"@type":"EntryPoint","urlTemplate":"https:\/\/www.turanoresort.it\/?s={search_term_string}"},"query-input":"required name=search_term_string"}],"inLanguage":"fr-FR"},{"@type":"WebPage","@id":"https:\/\/www.turanoresort.it\/fr\/relax\/","url":"https:\/\/www.turanoresort.it\/fr\/relax\/","name":"Relax - Turano Resort &amp; Spa","isPartOf":{"@id":"https:\/\/www.turanoresort.it\/#website"},"datePublished":"2021-12-27T11:30:07+00:00","dateModified":"2022-06-03T08:46:43+00:00","breadcrumb":{"@id":"https:\/\/www.turanoresort.it\/fr\/relax\/#breadcrumb"},"inLanguage":"fr-FR","potentialAction":[{"@type":"ReadAction","target":["https:\/\/www.turanoresort.it\/fr\/relax\/"]}]},{"@type":"BreadcrumbList","@id":"https:\/\/www.turanoresort.it\/fr\/relax\/#breadcrumb","itemListElement":[{"@type":"ListItem","position":1,"name":"Home","item":"https:\/\/www.turanoresort.it\/fr\/"},{"@type":"ListItem","position":2,"name":"Relax"}]}]}},"_links":{"self":[{"href":"https:\/\/www.turanoresort.it\/fr\/wp-json\/wp\/v2\/pages\/2988"}],"collection":[{"href":"https:\/\/www.turanoresort.it\/fr\/wp-json\/wp\/v2\/pages"}],"about":[{"href":"https:\/\/www.turanoresort.it\/fr\/wp-json\/wp\/v2\/types\/page"}],"author":[{"embeddable":true,"href":"https:\/\/www.turanoresort.it\/fr\/wp-json\/wp\/v2\/users\/1"}],"replies":[{"embeddable":true,"href":"https:\/\/www.turanoresort.it\/fr\/wp-json\/wp\/v2\/comments?post=2988"}],"version-history":[{"count":3,"href":"https:\/\/www.turanoresort.it\/fr\/wp-json\/wp\/v2\/pages\/2988\/revisions"}],"predecessor-version":[{"id":3498,"href":"https:\/\/www.turanoresort.it\/fr\/wp-json\/wp\/v2\/pages\/2988\/revisions\/3498"}],"wp:attachment":[{"href":"https:\/\/www.turanoresort.it\/fr\/wp-json\/wp\/v2\/media?parent=2988"}],"curies":[{"name":"wp","href":"https:\/\/api.w.org\/{rel}","templated":true}]}}