{"id":2976,"date":"2021-12-27T11:59:43","date_gmt":"2021-12-27T10:59:43","guid":{"rendered":"https:\/\/www.turanoresort.it\/excursions\/"},"modified":"2021-12-27T11:59:43","modified_gmt":"2021-12-27T10:59:43","slug":"excursions","status":"publish","type":"page","link":"https:\/\/www.turanoresort.it\/fr\/excursions\/","title":{"rendered":"Excursions"},"content":{"rendered":"<p><div class=\"fusion-fullwidth fullwidth-box fusion-builder-row-1 fusion-flex-container nonhundred-percent-fullwidth non-hundred-percent-height-scrolling\" style=\"background-color: rgba(255,255,255,0);background-position: center center;background-repeat: no-repeat;border-width: 0px 0px 0px 0px;border-color:#eae9e9;border-style:solid;\" ><div class=\"fusion-builder-row fusion-row fusion-flex-align-items-flex-start\" style=\"max-width:1216.8px;margin-left: calc(-4% \/ 2 );margin-right: calc(-4% \/ 2 );\"><div class=\"fusion-layout-column fusion_builder_column fusion-builder-column-0 fusion_builder_column_1_1 1_1 fusion-flex-column\"><div class=\"fusion-column-wrapper fusion-flex-justify-content-flex-start fusion-content-layout-column\" style=\"background-position:left top;background-repeat:no-repeat;-webkit-background-size:cover;-moz-background-size:cover;-o-background-size:cover;background-size:cover;padding: 0px 0px 0px 0px;\"><div class=\"fusion-text fusion-text-1 fusion-text-split-columns fusion-text-columns-2\" style=\" -webkit-column-count:2; -webkit-column-gap:2em; -webkit-column-width:100px; -moz-column-count:2; -moz-column-gap:2em; -moz-column-width:100px; column-count:2; column-gap:2em; column-width:100px;\"><p>La R\u00e9serve Naturelle <strong><a href=\"http:\/\/www.navegnacervia.it\/\" target=\"_blank\" rel=\"noopener\">Monti Cervia et Navegna<\/a><\/strong> fut cr\u00e9e en 1997 et depuis cette date, plus de dix parcours de randonn\u00e9e ont \u00e9t\u00e9 cr\u00e9\u00e9s, parmi lauriers, gen\u00e9vriers et gen\u00eats.<br \/>\nAu cours de votre promenade, si vous \u00eates attentifs, vous rencontrerez sur votre parcours les petits habitants des bois: l\u2019\u00e9cureuil, le blaireau, le h\u00e9risson, la marmotte, le li\u00e8vre, et m\u00eame la belette et le loir. Vous trouverez sur ce territoire des sp\u00e9cimens de sangliers, de loups et d\u2019aigles.<br \/>\nQue ce soit les parcours pour les amateurs de mountain bike (VTT), ou pour les randonneurs en f\u00f4ret, les meilleurs points de d\u00e9part se trouvent au carrefour qui se trouve dans le village de Ascrea, en commen\u00e7ant par les Gorges de l\u2019Obito, un ca\u00f1on creus\u00e9 par les eaux imp\u00e9tueuses du torrent.<br \/>\nSi vous poussez jusqu\u2019\u00e0 Collalto Sabino, le Gouffre de Riancoli offre un spectacle inattendu pour les amateurs de torrents: cascades, puits et piscine naturels, parois rocheuses de toute beaut\u00e9!<br \/>\nIl vous faudra obligatoirement un \u00e9quipement adapt\u00e9 pour descendre dans la gorge et plonger dans l\u2019eau cristalline. Evitez les mois les plus chauds, car en \u00e9t\u00e9 l\u2019eau a tendance \u00e0 beaucoup s\u2019ass\u00e8cher.<\/p>\n<p>Le Turano Resort organise pour ses h\u00f4tes une s\u00e9rie d\u2019excursions pour vous permettre de vivre une exp\u00e9rience inoubliable au sein de la nature<br \/>\nEn recourant aux guides exp\u00e9riment\u00e9s et habilit\u00e9s, vous pourrez faire des excursions \u00e0 l\u2019int\u00e9rieur de la R\u00e9serve Monti Navegna et Cervia, en partant de 500 m. d\u2019altitude pour arriver \u00e0 1500m.<\/p>\n<\/div><\/div><style type=\"text\/css\">.fusion-body .fusion-builder-column-0{width:100% !important;margin-top : 0px;margin-bottom : 20px;}.fusion-builder-column-0 > .fusion-column-wrapper {padding-top : 0px !important;padding-right : 0px !important;margin-right : 1.92%;padding-bottom : 0px !important;padding-left : 0px !important;margin-left : 1.92%;}@media only screen and (max-width:1024px) {.fusion-body .fusion-builder-column-0{width:100% !important;order : 0;}.fusion-builder-column-0 > .fusion-column-wrapper {margin-right : 1.92%;margin-left : 1.92%;}}@media only screen and (max-width:640px) {.fusion-body .fusion-builder-column-0{width:100% !important;order : 0;}.fusion-builder-column-0 > .fusion-column-wrapper {margin-right : 1.92%;margin-left : 1.92%;}}<\/style><\/div><\/div><style type=\"text\/css\">.fusion-body .fusion-flex-container.fusion-builder-row-1{ padding-top : 0px;margin-top : 0px;padding-right : 0px;padding-bottom : 40px;margin-bottom : 0px;padding-left : 0px;}<\/style><\/div><div class=\"fusion-fullwidth fullwidth-box fusion-builder-row-2 fusion-flex-container nonhundred-percent-fullwidth non-hundred-percent-height-scrolling\" style=\"background-color: rgba(255,255,255,0);background-position: left top;background-repeat: no-repeat;border-width: 0px 0px 0px 0px;border-color:#eae9e9;border-style:solid;\" ><div class=\"fusion-builder-row fusion-row fusion-flex-align-items-flex-start\" style=\"max-width:calc( 1170px + 0px );margin-left: calc(-0px \/ 2 );margin-right: calc(-0px \/ 2 );\"><div class=\"fusion-layout-column fusion_builder_column fusion-builder-column-1 fusion_builder_column_1_1 1_1 fusion-flex-column fusion-flex-align-self-flex-start fusion-column-no-min-height\"><div class=\"fusion-column-wrapper fusion-flex-justify-content-flex-start fusion-content-layout-column\" style=\"background-position:left top;background-blend-mode: overlay;background-repeat:no-repeat;-webkit-background-size:cover;-moz-background-size:cover;-o-background-size:cover;background-size:cover;padding: 0px 0px 0px 0px;\"><style type='text\/css'>.reading-box-container-1 .element-bottomshadow:before,.reading-box-container-1 .element-bottomshadow:after{opacity:0.5;}<\/style><div class=\"fusion-reading-box-container reading-box-container-1\" style=\"margin-top:0px;margin-bottom:60px;\"><div class=\"reading-box reading-box-center\" style=\"background-color:#ffffff;border-width:1px;border-color:#ebeef1;border-top-width:3px;border-top-color:var(--primary_color);border-style:solid;\"><h2><strong><em>Excursions sur le Lac du Turano en Dragon Boat<\/em><\/strong><\/h2><div class=\"reading-box-description fusion-reading-box-additional\">De plus, des excursions en groupe sont organis\u00e9es pour vivre le frisson de pagayer tous ensemble avec le Dragon Boat<\/div><div class=\"reading-box-additional\">\n<p>La Ligue Navale Italienne, section de Rieti \u2013 Lac du Turano, en collaboration avec le Turano Resort, organise en \u00e9t\u00e9 des cours de voile pour les enfants et les adultes.<\/p>\n<\/div><div class=\"fusion-clearfix\"><\/div><a class=\"button fusion-button button-default fusion-button-large button-large button-flat fusion-mobile-button continue-center\" style=\"-webkit-box-shadow:none;-moz-box-shadow:none;box-shadow:none;border-radius:  \" href=\"https:\/\/www.turanoresort.it\/fr\/contacts\/\" target=\"_self\"><span>Nous contacter<\/span><\/a><\/div><\/div><\/div><style type=\"text\/css\">.fusion-body .fusion-builder-column-1{width:100% !important;margin-top : 0px;margin-bottom : 0px;}.fusion-builder-column-1 > .fusion-column-wrapper {padding-top : 0px !important;padding-right : 0px !important;margin-right : 0px;padding-bottom : 0px !important;padding-left : 0px !important;margin-left : 0px;}@media only screen and (max-width:1024px) {.fusion-body .fusion-builder-column-1{width:100% !important;}.fusion-builder-column-1 > .fusion-column-wrapper {margin-right : 0px;margin-left : 0px;}}@media only screen and (max-width:640px) {.fusion-body .fusion-builder-column-1{width:100% !important;}.fusion-builder-column-1 > .fusion-column-wrapper {margin-right : 0px;margin-left : 0px;}}<\/style><\/div><\/div><style type=\"text\/css\">.fusion-body .fusion-flex-container.fusion-builder-row-2{ padding-top : 0px;margin-top : 0px;padding-right : 0px;padding-bottom : 5px;margin-bottom : 0px;padding-left : 0px;}@media only screen and (max-width:1024px) {.fusion-body .fusion-flex-container.fusion-builder-row-2{ padding-bottom : 2px;}}<\/style><\/div><div class=\"fusion-fullwidth fullwidth-box fusion-builder-row-3 fusion-flex-container hundred-percent-fullwidth non-hundred-percent-height-scrolling\" style=\"background-color: #f4f6f8;background-position: center center;background-repeat: no-repeat;border-width: 0px 0px 0px 0px;border-color:#eae9e9;border-style:solid;\" ><div class=\"fusion-builder-row fusion-row fusion-flex-align-items-flex-start\" style=\"width:104% !important;max-width:104% !important;margin-left: calc(-4% \/ 2 );margin-right: calc(-4% \/ 2 );\"><div class=\"fusion-layout-column fusion_builder_column fusion-builder-column-2 fusion_builder_column_1_1 1_1 fusion-flex-column\"><div class=\"fusion-column-wrapper fusion-flex-justify-content-flex-start fusion-content-layout-column\" style=\"background-position:left top;background-repeat:no-repeat;-webkit-background-size:cover;-moz-background-size:cover;-o-background-size:cover;background-size:cover;padding: 0px 40px 20px 40px;\"><div style=\"text-align:center;\"><style>.fusion-imageframe.imageframe-1{ margin-top : 0px;margin-bottom : 60px;}<\/style><span class=\" fusion-imageframe imageframe-none imageframe-1 hover-type-none\"><img width=\"370\" height=\"82\" title=\"Flowers Top\" src=\"data:image\/svg+xml,%3Csvg%20xmlns%3D%27http%3A%2F%2Fwww.w3.org%2F2000%2Fsvg%27%20width%3D%27370%27%20height%3D%2782%27%20viewBox%3D%270%200%20370%2082%27%3E%3Crect%20width%3D%27370%27%20height%3D%2782%27%20fill-opacity%3D%220%22%2F%3E%3C%2Fsvg%3E\" data-orig-src=\"https:\/\/www.turanoresort.it\/wp-content\/uploads\/2015\/01\/flowers_top.png\" alt class=\"lazyload img-responsive wp-image-2156\"\/><\/span><\/div><div class=\"fusion-slider-sc\"><div class=\"fusion-flexslider-loading flexslider fusion-aligncenter flexslider-hover-type-none\" data-slideshow_autoplay=\"1\" data-slideshow_smooth_height=\"0\" data-slideshow_speed=\"5000\" style=\"max-width:100%;height:100%;\"><ul class=\"slides\"><li class=\"image\"><a class=\"lightbox-enabled\" data-rel=\"iLightbox[slider_carousel_1]\" title=\"monte-navegna1\" data-title=\"monte-navegna1\" aria-label=\"monte-navegna1\" href=\"https:\/\/www.turanoresort.it\/wp-content\/uploads\/2021\/12\/monte-navegna1.jpg\" target=\"_self\"><span class=\"fusion-image-hover-element hover-type-none\"><img src=\"data:image\/svg+xml,%3Csvg%20xmlns%3D%27http%3A%2F%2Fwww.w3.org%2F2000%2Fsvg%27%20width%3D%271200%27%20height%3D%27600%27%20viewBox%3D%270%200%201200%20600%27%3E%3Crect%20width%3D%271200%27%20height%3D%27600%27%20fill-opacity%3D%220%22%2F%3E%3C%2Fsvg%3E\" width=\"1200\" height=\"600\" class=\"wp-image-2718 lazyload\" data-orig-src=\"https:\/\/www.turanoresort.it\/wp-content\/uploads\/2021\/12\/monte-navegna1.jpg\" \/><\/span><\/a><\/li><li class=\"image\"><a class=\"lightbox-enabled\" data-rel=\"iLightbox[slider_carousel_1]\" title=\"monte-navegna\" data-title=\"monte-navegna\" aria-label=\"monte-navegna\" href=\"https:\/\/www.turanoresort.it\/wp-content\/uploads\/2021\/12\/monte-navegna.jpg\" target=\"_self\"><span class=\"fusion-image-hover-element hover-type-none\"><img src=\"data:image\/svg+xml,%3Csvg%20xmlns%3D%27http%3A%2F%2Fwww.w3.org%2F2000%2Fsvg%27%20width%3D%271200%27%20height%3D%27600%27%20viewBox%3D%270%200%201200%20600%27%3E%3Crect%20width%3D%271200%27%20height%3D%27600%27%20fill-opacity%3D%220%22%2F%3E%3C%2Fsvg%3E\" width=\"1200\" height=\"600\" class=\"wp-image-2715 lazyload\" data-orig-src=\"https:\/\/www.turanoresort.it\/wp-content\/uploads\/2021\/12\/monte-navegna.jpg\" \/><\/span><\/a><\/li><li class=\"image\"><a class=\"lightbox-enabled\" data-rel=\"iLightbox[slider_carousel_1]\" title=\"monte-navegna3\" data-title=\"monte-navegna3\" aria-label=\"monte-navegna3\" href=\"https:\/\/www.turanoresort.it\/wp-content\/uploads\/2021\/12\/monte-navegna3.jpg\" target=\"_self\"><span class=\"fusion-image-hover-element hover-type-none\"><img src=\"data:image\/svg+xml,%3Csvg%20xmlns%3D%27http%3A%2F%2Fwww.w3.org%2F2000%2Fsvg%27%20width%3D%271200%27%20height%3D%27600%27%20viewBox%3D%270%200%201200%20600%27%3E%3Crect%20width%3D%271200%27%20height%3D%27600%27%20fill-opacity%3D%220%22%2F%3E%3C%2Fsvg%3E\" width=\"1200\" height=\"600\" class=\"wp-image-2712 lazyload\" data-orig-src=\"https:\/\/www.turanoresort.it\/wp-content\/uploads\/2021\/12\/monte-navegna3.jpg\" \/><\/span><\/a><\/li><li class=\"image\"><a class=\"lightbox-enabled\" data-rel=\"iLightbox[slider_carousel_1]\" title=\"monte-navegna2\" data-title=\"monte-navegna2\" aria-label=\"monte-navegna2\" href=\"https:\/\/www.turanoresort.it\/wp-content\/uploads\/2021\/12\/monte-navegna2.jpg\" target=\"_self\"><span class=\"fusion-image-hover-element hover-type-none\"><img src=\"data:image\/svg+xml,%3Csvg%20xmlns%3D%27http%3A%2F%2Fwww.w3.org%2F2000%2Fsvg%27%20width%3D%271200%27%20height%3D%27600%27%20viewBox%3D%270%200%201200%20600%27%3E%3Crect%20width%3D%271200%27%20height%3D%27600%27%20fill-opacity%3D%220%22%2F%3E%3C%2Fsvg%3E\" width=\"1200\" height=\"600\" class=\"wp-image-2709 lazyload\" data-orig-src=\"https:\/\/www.turanoresort.it\/wp-content\/uploads\/2021\/12\/monte-navegna2.jpg\" \/><\/span><\/a><\/li><\/ul><\/div><\/div><\/div><style type=\"text\/css\">.fusion-body .fusion-builder-column-2{width:100% !important;margin-top : 0px;margin-bottom : 20px;}.fusion-builder-column-2 > .fusion-column-wrapper {padding-top : 0px !important;padding-right : 40px !important;margin-right : 1.92%;padding-bottom : 20px !important;padding-left : 40px !important;margin-left : 1.92%;}@media only screen and (max-width:1024px) {.fusion-body .fusion-builder-column-2{width:100% !important;order : 0;}.fusion-builder-column-2 > .fusion-column-wrapper {margin-right : 1.92%;margin-left : 1.92%;}}@media only screen and (max-width:640px) {.fusion-body .fusion-builder-column-2{width:100% !important;order : 0;}.fusion-builder-column-2 > .fusion-column-wrapper {margin-right : 1.92%;margin-left : 1.92%;}}<\/style><\/div><\/div><style type=\"text\/css\">.fusion-body .fusion-flex-container.fusion-builder-row-3{ padding-top : 0px;margin-top : 0px;padding-right : 0px;padding-bottom : 0px;margin-bottom : 0px;padding-left : 0px;}<\/style><\/div><\/p>\n","protected":false},"excerpt":{"rendered":"","protected":false},"author":1,"featured_media":0,"parent":0,"menu_order":0,"comment_status":"closed","ping_status":"closed","template":"100-width.php","meta":[],"yoast_head":"<!-- This site is optimized with the Yoast SEO plugin v19.4 - https:\/\/yoast.com\/wordpress\/plugins\/seo\/ -->\n<title>Excursions - Turano Resort &amp; Spa<\/title>\n<meta name=\"robots\" content=\"index, follow, max-snippet:-1, max-image-preview:large, max-video-preview:-1\" \/>\n<link rel=\"canonical\" href=\"https:\/\/www.turanoresort.it\/fr\/excursions\/\" \/>\n<meta property=\"og:locale\" content=\"fr_FR\" \/>\n<meta property=\"og:type\" content=\"article\" \/>\n<meta property=\"og:title\" content=\"Excursions - Turano Resort &amp; Spa\" \/>\n<meta property=\"og:url\" content=\"https:\/\/www.turanoresort.it\/fr\/excursions\/\" \/>\n<meta property=\"og:site_name\" content=\"Turano Resort &amp; Spa\" \/>\n<meta name=\"twitter:card\" content=\"summary_large_image\" \/>\n<meta name=\"twitter:label1\" content=\"Dur\u00e9e de lecture estim\u00e9e\" \/>\n\t<meta name=\"twitter:data1\" content=\"11 minutes\" \/>\n<script type=\"application\/ld+json\" class=\"yoast-schema-graph\">{\"@context\":\"https:\/\/schema.org\",\"@graph\":[{\"@type\":\"WebSite\",\"@id\":\"https:\/\/www.turanoresort.it\/#website\",\"url\":\"https:\/\/www.turanoresort.it\/\",\"name\":\"Turano Resort &amp; Spa\",\"description\":\"Lago del Turano - Soggiorno da Favola\",\"potentialAction\":[{\"@type\":\"SearchAction\",\"target\":{\"@type\":\"EntryPoint\",\"urlTemplate\":\"https:\/\/www.turanoresort.it\/?s={search_term_string}\"},\"query-input\":\"required name=search_term_string\"}],\"inLanguage\":\"fr-FR\"},{\"@type\":\"WebPage\",\"@id\":\"https:\/\/www.turanoresort.it\/fr\/excursions\/\",\"url\":\"https:\/\/www.turanoresort.it\/fr\/excursions\/\",\"name\":\"Excursions - Turano Resort &amp; Spa\",\"isPartOf\":{\"@id\":\"https:\/\/www.turanoresort.it\/#website\"},\"datePublished\":\"2021-12-27T10:59:43+00:00\",\"dateModified\":\"2021-12-27T10:59:43+00:00\",\"breadcrumb\":{\"@id\":\"https:\/\/www.turanoresort.it\/fr\/excursions\/#breadcrumb\"},\"inLanguage\":\"fr-FR\",\"potentialAction\":[{\"@type\":\"ReadAction\",\"target\":[\"https:\/\/www.turanoresort.it\/fr\/excursions\/\"]}]},{\"@type\":\"BreadcrumbList\",\"@id\":\"https:\/\/www.turanoresort.it\/fr\/excursions\/#breadcrumb\",\"itemListElement\":[{\"@type\":\"ListItem\",\"position\":1,\"name\":\"Home\",\"item\":\"https:\/\/www.turanoresort.it\/fr\/\"},{\"@type\":\"ListItem\",\"position\":2,\"name\":\"Excursions\"}]}]}<\/script>\n<!-- \/ Yoast SEO plugin. -->","yoast_head_json":{"title":"Excursions - Turano Resort &amp; Spa","robots":{"index":"index","follow":"follow","max-snippet":"max-snippet:-1","max-image-preview":"max-image-preview:large","max-video-preview":"max-video-preview:-1"},"canonical":"https:\/\/www.turanoresort.it\/fr\/excursions\/","og_locale":"fr_FR","og_type":"article","og_title":"Excursions - Turano Resort &amp; Spa","og_url":"https:\/\/www.turanoresort.it\/fr\/excursions\/","og_site_name":"Turano Resort &amp; Spa","twitter_card":"summary_large_image","twitter_misc":{"Dur\u00e9e de lecture estim\u00e9e":"11 minutes"},"schema":{"@context":"https:\/\/schema.org","@graph":[{"@type":"WebSite","@id":"https:\/\/www.turanoresort.it\/#website","url":"https:\/\/www.turanoresort.it\/","name":"Turano Resort &amp; Spa","description":"Lago del Turano - Soggiorno da Favola","potentialAction":[{"@type":"SearchAction","target":{"@type":"EntryPoint","urlTemplate":"https:\/\/www.turanoresort.it\/?s={search_term_string}"},"query-input":"required name=search_term_string"}],"inLanguage":"fr-FR"},{"@type":"WebPage","@id":"https:\/\/www.turanoresort.it\/fr\/excursions\/","url":"https:\/\/www.turanoresort.it\/fr\/excursions\/","name":"Excursions - Turano Resort &amp; Spa","isPartOf":{"@id":"https:\/\/www.turanoresort.it\/#website"},"datePublished":"2021-12-27T10:59:43+00:00","dateModified":"2021-12-27T10:59:43+00:00","breadcrumb":{"@id":"https:\/\/www.turanoresort.it\/fr\/excursions\/#breadcrumb"},"inLanguage":"fr-FR","potentialAction":[{"@type":"ReadAction","target":["https:\/\/www.turanoresort.it\/fr\/excursions\/"]}]},{"@type":"BreadcrumbList","@id":"https:\/\/www.turanoresort.it\/fr\/excursions\/#breadcrumb","itemListElement":[{"@type":"ListItem","position":1,"name":"Home","item":"https:\/\/www.turanoresort.it\/fr\/"},{"@type":"ListItem","position":2,"name":"Excursions"}]}]}},"_links":{"self":[{"href":"https:\/\/www.turanoresort.it\/fr\/wp-json\/wp\/v2\/pages\/2976"}],"collection":[{"href":"https:\/\/www.turanoresort.it\/fr\/wp-json\/wp\/v2\/pages"}],"about":[{"href":"https:\/\/www.turanoresort.it\/fr\/wp-json\/wp\/v2\/types\/page"}],"author":[{"embeddable":true,"href":"https:\/\/www.turanoresort.it\/fr\/wp-json\/wp\/v2\/users\/1"}],"replies":[{"embeddable":true,"href":"https:\/\/www.turanoresort.it\/fr\/wp-json\/wp\/v2\/comments?post=2976"}],"version-history":[{"count":2,"href":"https:\/\/www.turanoresort.it\/fr\/wp-json\/wp\/v2\/pages\/2976\/revisions"}],"predecessor-version":[{"id":2978,"href":"https:\/\/www.turanoresort.it\/fr\/wp-json\/wp\/v2\/pages\/2976\/revisions\/2978"}],"wp:attachment":[{"href":"https:\/\/www.turanoresort.it\/fr\/wp-json\/wp\/v2\/media?parent=2976"}],"curies":[{"name":"wp","href":"https:\/\/api.w.org\/{rel}","templated":true}]}}