{"id":3333,"date":"2022-03-08T18:39:30","date_gmt":"2022-03-08T17:39:30","guid":{"rendered":"https:\/\/www.turanoresort.it\/ausfluge\/"},"modified":"2022-03-08T18:39:31","modified_gmt":"2022-03-08T17:39:31","slug":"ausfluge","status":"publish","type":"page","link":"https:\/\/www.turanoresort.it\/de\/ausfluge\/","title":{"rendered":"Ausfl\u00fcge"},"content":{"rendered":"<p><div class=\"fusion-fullwidth fullwidth-box fusion-builder-row-1 fusion-flex-container nonhundred-percent-fullwidth non-hundred-percent-height-scrolling\" style=\"background-color: rgba(255,255,255,0);background-position: center center;background-repeat: no-repeat;border-width: 0px 0px 0px 0px;border-color:#eae9e9;border-style:solid;\" ><div class=\"fusion-builder-row fusion-row fusion-flex-align-items-flex-start\" style=\"max-width:1216.8px;margin-left: calc(-4% \/ 2 );margin-right: calc(-4% \/ 2 );\"><div class=\"fusion-layout-column fusion_builder_column fusion-builder-column-0 fusion_builder_column_1_1 1_1 fusion-flex-column\"><div class=\"fusion-column-wrapper fusion-flex-justify-content-flex-start fusion-content-layout-column\" style=\"background-position:left top;background-repeat:no-repeat;-webkit-background-size:cover;-moz-background-size:cover;-o-background-size:cover;background-size:cover;padding: 0px 0px 0px 0px;\"><div class=\"fusion-text fusion-text-1 fusion-text-split-columns fusion-text-columns-2\" style=\" -webkit-column-count:2; -webkit-column-gap:2em; -webkit-column-width:100px; -moz-column-count:2; -moz-column-gap:2em; -moz-column-width:100px; column-count:2; column-gap:2em; column-width:100px;\"><p>1997 wurde das Naturschutzgebiet der <strong><a href=\"http:\/\/www.navegnacervia.it\/\" target=\"_blank\" rel=\"noopener\">Cervia- und Navegna-Berge<\/a><\/strong> gegr\u00fcndet, das im Laufe der Zeit mehr als zehn Lehrpfade geschaffen hat, darunter Lorbeer, Wacholder und Ginster.<br \/>\nWenn Sie warten k\u00f6nnen, k\u00f6nnen Sie beim Spazierengehen die kleinen Bewohner des Waldes treffen: das Eichh\u00f6rnchen, den Dachs, das Stachelschwein, das Murmeltier, den Hasen und sogar das Wiesel und den Siebenschl\u00e4fer. In diesem Land finden Sie Exemplare von Wildschweinen, W\u00f6lfen und Adlern.<br \/>\nEs gibt viele Routen f\u00fcr Mountainbiker und Waldspazierg\u00e4nger, die besten finden Sie ab der Abzweigung nach Ascrea: die Gole dell\u2019Obito, eine Schlucht, die von den rauschenden Wassern des Baches geschnitzt wurde.<br \/>\nDie Forra di Riancoli, die Sie nach Collalto Sabino f\u00fchrt, bietet ein unerwartetes Schauspiel f\u00fcr Canyoning-Liebhaber: Wasserf\u00e4lle, nat\u00fcrliche Pools und Pools, Felsw\u00e4nde von extremer Sch\u00f6nheit.<br \/>\nNur mit der entsprechenden Ausr\u00fcstung k\u00f6nnen Sie in die Schlucht hinabsteigen und in das kristallklare Wasser eintauchen. Vermeiden Sie die hei\u00dfesten Monate, im Sommer trocknet das Wasser stark aus.<\/p>\n<p>Das Turano Resort organisiert f\u00fcr seine G\u00e4ste eine Reihe von Ausfl\u00fcgen, um ein unvergessliches Naturerlebnis zu erleben<br \/>\nDurch fachkundige und autorisierte F\u00fchrer k\u00f6nnen Sie naturkundliche Exkursionen im Naturschutzgebiet Monti Navegna und Cervia unternehmen, beginnend bei einer H\u00f6he von 550 Metern \u00fcber dem Meeresspiegel bis zu 1500.<\/p>\n<\/div><\/div><style type=\"text\/css\">.fusion-body .fusion-builder-column-0{width:100% !important;margin-top : 0px;margin-bottom : 20px;}.fusion-builder-column-0 > .fusion-column-wrapper {padding-top : 0px !important;padding-right : 0px !important;margin-right : 1.92%;padding-bottom : 0px !important;padding-left : 0px !important;margin-left : 1.92%;}@media only screen and (max-width:1024px) {.fusion-body .fusion-builder-column-0{width:100% !important;order : 0;}.fusion-builder-column-0 > .fusion-column-wrapper {margin-right : 1.92%;margin-left : 1.92%;}}@media only screen and (max-width:640px) {.fusion-body .fusion-builder-column-0{width:100% !important;order : 0;}.fusion-builder-column-0 > .fusion-column-wrapper {margin-right : 1.92%;margin-left : 1.92%;}}<\/style><\/div><\/div><style type=\"text\/css\">.fusion-body .fusion-flex-container.fusion-builder-row-1{ padding-top : 0px;margin-top : 0px;padding-right : 0px;padding-bottom : 40px;margin-bottom : 0px;padding-left : 0px;}<\/style><\/div><div class=\"fusion-fullwidth fullwidth-box fusion-builder-row-2 fusion-flex-container nonhundred-percent-fullwidth non-hundred-percent-height-scrolling\" style=\"background-color: rgba(255,255,255,0);background-position: left top;background-repeat: no-repeat;border-width: 0px 0px 0px 0px;border-color:#eae9e9;border-style:solid;\" ><div class=\"fusion-builder-row fusion-row fusion-flex-align-items-flex-start\" style=\"max-width:calc( 1170px + 0px );margin-left: calc(-0px \/ 2 );margin-right: calc(-0px \/ 2 );\"><div class=\"fusion-layout-column fusion_builder_column fusion-builder-column-1 fusion_builder_column_1_1 1_1 fusion-flex-column fusion-flex-align-self-flex-start fusion-column-no-min-height\"><div class=\"fusion-column-wrapper fusion-flex-justify-content-flex-start fusion-content-layout-column\" style=\"background-position:left top;background-blend-mode: overlay;background-repeat:no-repeat;-webkit-background-size:cover;-moz-background-size:cover;-o-background-size:cover;background-size:cover;padding: 0px 0px 0px 0px;\"><style type='text\/css'>.reading-box-container-1 .element-bottomshadow:before,.reading-box-container-1 .element-bottomshadow:after{opacity:0.5;}<\/style><div class=\"fusion-reading-box-container reading-box-container-1\" style=\"margin-top:0px;margin-bottom:60px;\"><div class=\"reading-box reading-box-center\" style=\"background-color:#ffffff;border-width:1px;border-color:#ebeef1;border-top-width:3px;border-top-color:var(--primary_color);border-style:solid;\"><h2><strong><em>Ausfl\u00fcge auf dem See mit dem Drachenboot<\/em><\/strong><\/h2><div class=\"reading-box-description fusion-reading-box-additional\">Dar\u00fcber hinaus werden Gruppenausfl\u00fcge organisiert, um gemeinsam mit dem Drachenboot den Nervenkitzel des Paddelns zu erleben<\/div><div class=\"reading-box-additional\">\n<p>Die Sektion Italienischer Marineverband Rieti &#8211; Lago del Turano organisiert in Zusammenarbeit mit dem Turano Resort im Sommer Segelkurse f\u00fcr Kinder und Erwachsene.<\/p>\n<\/div><div class=\"fusion-clearfix\"><\/div><a class=\"button fusion-button button-default fusion-button-large button-large button-flat fusion-mobile-button continue-center\" style=\"-webkit-box-shadow:none;-moz-box-shadow:none;box-shadow:none;border-radius:  \" href=\"https:\/\/www.turanoresort.it\/de\/kontakte\/\" target=\"_self\"><span>kontaktiere uns<\/span><\/a><\/div><\/div><\/div><style type=\"text\/css\">.fusion-body .fusion-builder-column-1{width:100% !important;margin-top : 0px;margin-bottom : 0px;}.fusion-builder-column-1 > .fusion-column-wrapper {padding-top : 0px !important;padding-right : 0px !important;margin-right : 0px;padding-bottom : 0px !important;padding-left : 0px !important;margin-left : 0px;}@media only screen and (max-width:1024px) {.fusion-body .fusion-builder-column-1{width:100% !important;}.fusion-builder-column-1 > .fusion-column-wrapper {margin-right : 0px;margin-left : 0px;}}@media only screen and (max-width:640px) {.fusion-body .fusion-builder-column-1{width:100% !important;}.fusion-builder-column-1 > .fusion-column-wrapper {margin-right : 0px;margin-left : 0px;}}<\/style><\/div><\/div><style type=\"text\/css\">.fusion-body .fusion-flex-container.fusion-builder-row-2{ padding-top : 0px;margin-top : 0px;padding-right : 0px;padding-bottom : 5px;margin-bottom : 0px;padding-left : 0px;}@media only screen and (max-width:1024px) {.fusion-body .fusion-flex-container.fusion-builder-row-2{ padding-bottom : 2px;}}<\/style><\/div><div class=\"fusion-fullwidth fullwidth-box fusion-builder-row-3 fusion-flex-container hundred-percent-fullwidth non-hundred-percent-height-scrolling\" style=\"background-color: #f4f6f8;background-position: center center;background-repeat: no-repeat;border-width: 0px 0px 0px 0px;border-color:#eae9e9;border-style:solid;\" ><div class=\"fusion-builder-row fusion-row fusion-flex-align-items-flex-start\" style=\"width:104% !important;max-width:104% !important;margin-left: calc(-4% \/ 2 );margin-right: calc(-4% \/ 2 );\"><div class=\"fusion-layout-column fusion_builder_column fusion-builder-column-2 fusion_builder_column_1_1 1_1 fusion-flex-column\"><div class=\"fusion-column-wrapper fusion-flex-justify-content-flex-start fusion-content-layout-column\" style=\"background-position:left top;background-repeat:no-repeat;-webkit-background-size:cover;-moz-background-size:cover;-o-background-size:cover;background-size:cover;padding: 0px 40px 20px 40px;\"><div style=\"text-align:center;\"><style>.fusion-imageframe.imageframe-1{ margin-top : 0px;margin-bottom : 60px;}<\/style><span class=\" fusion-imageframe imageframe-none imageframe-1 hover-type-none\"><img width=\"370\" height=\"82\" title=\"Flowers Top\" src=\"data:image\/svg+xml,%3Csvg%20xmlns%3D%27http%3A%2F%2Fwww.w3.org%2F2000%2Fsvg%27%20width%3D%27370%27%20height%3D%2782%27%20viewBox%3D%270%200%20370%2082%27%3E%3Crect%20width%3D%27370%27%20height%3D%2782%27%20fill-opacity%3D%220%22%2F%3E%3C%2Fsvg%3E\" data-orig-src=\"https:\/\/www.turanoresort.it\/wp-content\/uploads\/2015\/01\/flowers_top.png\" alt class=\"lazyload img-responsive wp-image-3116\"\/><\/span><\/div><div class=\"fusion-slider-sc\"><div class=\"fusion-flexslider-loading flexslider fusion-aligncenter flexslider-hover-type-none\" data-slideshow_autoplay=\"1\" data-slideshow_smooth_height=\"0\" data-slideshow_speed=\"5000\" style=\"max-width:100%;height:100%;\"><ul class=\"slides\"><li class=\"image\"><a class=\"lightbox-enabled\" data-rel=\"iLightbox[slider_carousel_1]\" title=\"monte-navegna1\" data-title=\"monte-navegna1\" aria-label=\"monte-navegna1\" href=\"https:\/\/www.turanoresort.it\/wp-content\/uploads\/2021\/12\/monte-navegna1.jpg\" target=\"_self\"><span class=\"fusion-image-hover-element hover-type-none\"><img src=\"data:image\/svg+xml,%3Csvg%20xmlns%3D%27http%3A%2F%2Fwww.w3.org%2F2000%2Fsvg%27%20width%3D%271200%27%20height%3D%27600%27%20viewBox%3D%270%200%201200%20600%27%3E%3Crect%20width%3D%271200%27%20height%3D%27600%27%20fill-opacity%3D%220%22%2F%3E%3C%2Fsvg%3E\" width=\"1200\" height=\"600\" class=\"wp-image-2718 lazyload\" data-orig-src=\"https:\/\/www.turanoresort.it\/wp-content\/uploads\/2021\/12\/monte-navegna1.jpg\" \/><\/span><\/a><\/li><li class=\"image\"><a class=\"lightbox-enabled\" data-rel=\"iLightbox[slider_carousel_1]\" title=\"monte-navegna\" data-title=\"monte-navegna\" aria-label=\"monte-navegna\" href=\"https:\/\/www.turanoresort.it\/wp-content\/uploads\/2021\/12\/monte-navegna.jpg\" target=\"_self\"><span class=\"fusion-image-hover-element hover-type-none\"><img src=\"data:image\/svg+xml,%3Csvg%20xmlns%3D%27http%3A%2F%2Fwww.w3.org%2F2000%2Fsvg%27%20width%3D%271200%27%20height%3D%27600%27%20viewBox%3D%270%200%201200%20600%27%3E%3Crect%20width%3D%271200%27%20height%3D%27600%27%20fill-opacity%3D%220%22%2F%3E%3C%2Fsvg%3E\" width=\"1200\" height=\"600\" class=\"wp-image-2715 lazyload\" data-orig-src=\"https:\/\/www.turanoresort.it\/wp-content\/uploads\/2021\/12\/monte-navegna.jpg\" \/><\/span><\/a><\/li><li class=\"image\"><a class=\"lightbox-enabled\" data-rel=\"iLightbox[slider_carousel_1]\" title=\"monte-navegna3\" data-title=\"monte-navegna3\" aria-label=\"monte-navegna3\" href=\"https:\/\/www.turanoresort.it\/wp-content\/uploads\/2021\/12\/monte-navegna3.jpg\" target=\"_self\"><span class=\"fusion-image-hover-element hover-type-none\"><img src=\"data:image\/svg+xml,%3Csvg%20xmlns%3D%27http%3A%2F%2Fwww.w3.org%2F2000%2Fsvg%27%20width%3D%271200%27%20height%3D%27600%27%20viewBox%3D%270%200%201200%20600%27%3E%3Crect%20width%3D%271200%27%20height%3D%27600%27%20fill-opacity%3D%220%22%2F%3E%3C%2Fsvg%3E\" width=\"1200\" height=\"600\" class=\"wp-image-2712 lazyload\" data-orig-src=\"https:\/\/www.turanoresort.it\/wp-content\/uploads\/2021\/12\/monte-navegna3.jpg\" \/><\/span><\/a><\/li><li class=\"image\"><a class=\"lightbox-enabled\" data-rel=\"iLightbox[slider_carousel_1]\" title=\"monte-navegna2\" data-title=\"monte-navegna2\" aria-label=\"monte-navegna2\" href=\"https:\/\/www.turanoresort.it\/wp-content\/uploads\/2021\/12\/monte-navegna2.jpg\" target=\"_self\"><span class=\"fusion-image-hover-element hover-type-none\"><img src=\"data:image\/svg+xml,%3Csvg%20xmlns%3D%27http%3A%2F%2Fwww.w3.org%2F2000%2Fsvg%27%20width%3D%271200%27%20height%3D%27600%27%20viewBox%3D%270%200%201200%20600%27%3E%3Crect%20width%3D%271200%27%20height%3D%27600%27%20fill-opacity%3D%220%22%2F%3E%3C%2Fsvg%3E\" width=\"1200\" height=\"600\" class=\"wp-image-2709 lazyload\" data-orig-src=\"https:\/\/www.turanoresort.it\/wp-content\/uploads\/2021\/12\/monte-navegna2.jpg\" \/><\/span><\/a><\/li><\/ul><\/div><\/div><\/div><style type=\"text\/css\">.fusion-body .fusion-builder-column-2{width:100% !important;margin-top : 0px;margin-bottom : 20px;}.fusion-builder-column-2 > .fusion-column-wrapper {padding-top : 0px !important;padding-right : 40px !important;margin-right : 1.92%;padding-bottom : 20px !important;padding-left : 40px !important;margin-left : 1.92%;}@media only screen and (max-width:1024px) {.fusion-body .fusion-builder-column-2{width:100% !important;order : 0;}.fusion-builder-column-2 > .fusion-column-wrapper {margin-right : 1.92%;margin-left : 1.92%;}}@media only screen and (max-width:640px) {.fusion-body .fusion-builder-column-2{width:100% !important;order : 0;}.fusion-builder-column-2 > .fusion-column-wrapper {margin-right : 1.92%;margin-left : 1.92%;}}<\/style><\/div><\/div><style type=\"text\/css\">.fusion-body .fusion-flex-container.fusion-builder-row-3{ padding-top : 0px;margin-top : 0px;padding-right : 0px;padding-bottom : 0px;margin-bottom : 0px;padding-left : 0px;}<\/style><\/div><\/p>\n","protected":false},"excerpt":{"rendered":"","protected":false},"author":1,"featured_media":0,"parent":0,"menu_order":0,"comment_status":"closed","ping_status":"closed","template":"100-width.php","meta":[],"yoast_head":"<!-- This site is optimized with the Yoast SEO plugin v19.4 - https:\/\/yoast.com\/wordpress\/plugins\/seo\/ -->\n<title>Ausfl\u00fcge - Turano Resort &amp; Spa<\/title>\n<meta name=\"robots\" content=\"index, follow, max-snippet:-1, max-image-preview:large, max-video-preview:-1\" \/>\n<link rel=\"canonical\" href=\"https:\/\/www.turanoresort.it\/de\/ausfluge\/\" \/>\n<meta property=\"og:locale\" content=\"de_DE\" \/>\n<meta property=\"og:type\" content=\"article\" \/>\n<meta property=\"og:title\" content=\"Ausfl\u00fcge - Turano Resort &amp; Spa\" \/>\n<meta property=\"og:url\" content=\"https:\/\/www.turanoresort.it\/de\/ausfluge\/\" \/>\n<meta property=\"og:site_name\" content=\"Turano Resort &amp; Spa\" \/>\n<meta property=\"article:modified_time\" content=\"2022-03-08T17:39:31+00:00\" \/>\n<meta name=\"twitter:card\" content=\"summary_large_image\" \/>\n<meta name=\"twitter:label1\" content=\"Gesch\u00e4tzte Lesezeit\" \/>\n\t<meta name=\"twitter:data1\" content=\"11 Minuten\" \/>\n<script type=\"application\/ld+json\" class=\"yoast-schema-graph\">{\"@context\":\"https:\/\/schema.org\",\"@graph\":[{\"@type\":\"WebSite\",\"@id\":\"https:\/\/www.turanoresort.it\/#website\",\"url\":\"https:\/\/www.turanoresort.it\/\",\"name\":\"Turano Resort &amp; Spa\",\"description\":\"Lago del Turano - Soggiorno da Favola\",\"potentialAction\":[{\"@type\":\"SearchAction\",\"target\":{\"@type\":\"EntryPoint\",\"urlTemplate\":\"https:\/\/www.turanoresort.it\/?s={search_term_string}\"},\"query-input\":\"required name=search_term_string\"}],\"inLanguage\":\"de-DE\"},{\"@type\":\"WebPage\",\"@id\":\"https:\/\/www.turanoresort.it\/de\/ausfluge\/\",\"url\":\"https:\/\/www.turanoresort.it\/de\/ausfluge\/\",\"name\":\"Ausfl\u00fcge - Turano Resort &amp; Spa\",\"isPartOf\":{\"@id\":\"https:\/\/www.turanoresort.it\/#website\"},\"datePublished\":\"2022-03-08T17:39:30+00:00\",\"dateModified\":\"2022-03-08T17:39:31+00:00\",\"breadcrumb\":{\"@id\":\"https:\/\/www.turanoresort.it\/de\/ausfluge\/#breadcrumb\"},\"inLanguage\":\"de-DE\",\"potentialAction\":[{\"@type\":\"ReadAction\",\"target\":[\"https:\/\/www.turanoresort.it\/de\/ausfluge\/\"]}]},{\"@type\":\"BreadcrumbList\",\"@id\":\"https:\/\/www.turanoresort.it\/de\/ausfluge\/#breadcrumb\",\"itemListElement\":[{\"@type\":\"ListItem\",\"position\":1,\"name\":\"Home\",\"item\":\"https:\/\/www.turanoresort.it\/de\/\"},{\"@type\":\"ListItem\",\"position\":2,\"name\":\"Ausfl\u00fcge\"}]}]}<\/script>\n<!-- \/ Yoast SEO plugin. -->","yoast_head_json":{"title":"Ausfl\u00fcge - Turano Resort &amp; Spa","robots":{"index":"index","follow":"follow","max-snippet":"max-snippet:-1","max-image-preview":"max-image-preview:large","max-video-preview":"max-video-preview:-1"},"canonical":"https:\/\/www.turanoresort.it\/de\/ausfluge\/","og_locale":"de_DE","og_type":"article","og_title":"Ausfl\u00fcge - Turano Resort &amp; Spa","og_url":"https:\/\/www.turanoresort.it\/de\/ausfluge\/","og_site_name":"Turano Resort &amp; Spa","article_modified_time":"2022-03-08T17:39:31+00:00","twitter_card":"summary_large_image","twitter_misc":{"Gesch\u00e4tzte Lesezeit":"11 Minuten"},"schema":{"@context":"https:\/\/schema.org","@graph":[{"@type":"WebSite","@id":"https:\/\/www.turanoresort.it\/#website","url":"https:\/\/www.turanoresort.it\/","name":"Turano Resort &amp; Spa","description":"Lago del Turano - Soggiorno da Favola","potentialAction":[{"@type":"SearchAction","target":{"@type":"EntryPoint","urlTemplate":"https:\/\/www.turanoresort.it\/?s={search_term_string}"},"query-input":"required name=search_term_string"}],"inLanguage":"de-DE"},{"@type":"WebPage","@id":"https:\/\/www.turanoresort.it\/de\/ausfluge\/","url":"https:\/\/www.turanoresort.it\/de\/ausfluge\/","name":"Ausfl\u00fcge - Turano Resort &amp; Spa","isPartOf":{"@id":"https:\/\/www.turanoresort.it\/#website"},"datePublished":"2022-03-08T17:39:30+00:00","dateModified":"2022-03-08T17:39:31+00:00","breadcrumb":{"@id":"https:\/\/www.turanoresort.it\/de\/ausfluge\/#breadcrumb"},"inLanguage":"de-DE","potentialAction":[{"@type":"ReadAction","target":["https:\/\/www.turanoresort.it\/de\/ausfluge\/"]}]},{"@type":"BreadcrumbList","@id":"https:\/\/www.turanoresort.it\/de\/ausfluge\/#breadcrumb","itemListElement":[{"@type":"ListItem","position":1,"name":"Home","item":"https:\/\/www.turanoresort.it\/de\/"},{"@type":"ListItem","position":2,"name":"Ausfl\u00fcge"}]}]}},"_links":{"self":[{"href":"https:\/\/www.turanoresort.it\/de\/wp-json\/wp\/v2\/pages\/3333"}],"collection":[{"href":"https:\/\/www.turanoresort.it\/de\/wp-json\/wp\/v2\/pages"}],"about":[{"href":"https:\/\/www.turanoresort.it\/de\/wp-json\/wp\/v2\/types\/page"}],"author":[{"embeddable":true,"href":"https:\/\/www.turanoresort.it\/de\/wp-json\/wp\/v2\/users\/1"}],"replies":[{"embeddable":true,"href":"https:\/\/www.turanoresort.it\/de\/wp-json\/wp\/v2\/comments?post=3333"}],"version-history":[{"count":2,"href":"https:\/\/www.turanoresort.it\/de\/wp-json\/wp\/v2\/pages\/3333\/revisions"}],"predecessor-version":[{"id":3335,"href":"https:\/\/www.turanoresort.it\/de\/wp-json\/wp\/v2\/pages\/3333\/revisions\/3335"}],"wp:attachment":[{"href":"https:\/\/www.turanoresort.it\/de\/wp-json\/wp\/v2\/media?parent=3333"}],"curies":[{"name":"wp","href":"https:\/\/api.w.org\/{rel}","templated":true}]}}