{"id":3329,"date":"2022-03-08T18:22:24","date_gmt":"2022-03-08T17:22:24","guid":{"rendered":"https:\/\/www.turanoresort.it\/cookie-policy-2\/"},"modified":"2022-03-08T18:22:24","modified_gmt":"2022-03-08T17:22:24","slug":"cookie-policy-2","status":"publish","type":"page","link":"https:\/\/www.turanoresort.it\/de\/cookie-policy-2\/","title":{"rendered":"Cookie policy"},"content":{"rendered":"<h4>Che cosa sono i cookie e a che cosa servono<\/h4>\n<p>Un cookie \u00e8 un piccolo file di testo che un sito web visitato dall\u2019utente invia al suo terminale (computer, dispositivo mobile quale smartphone o tablet) dove viene memorizzato per essere poi ritrasmesso a tale sito in occasione di una visita successiva al sito medesimo. I cookie vengono tra loro distinti:<\/p>\n<ul class=\"styled\">\n<li>in base al soggetto che li installa sul terminale dell\u2019utente, a seconda che si tratti dello stesso gestore del sito che l\u2019utente sta visitando (c.d. \u201ccookie di prima parte\u201d) ovvero di un sito diverso, che installa i cookie per il tramite del primo sito (c.d. \u201ccookie di terza parte\u201d);<\/li>\n<li>in base alla finalit\u00e0 di ciascun cookie: alcuni cookie permettono al sito web che li ha installati di ricordare, ad esempio, le preferenze espresse dall\u2019utente durante la navigazione o di effettuare un acquisto o di eseguire autenticazioni per accedere ad aree riservate (c.d. \u201ccookie tecnici\u201d);<\/li>\n<li>altri cookie consentono al sito che li ha installati di monitorare la navigazione dell\u2019utente anche allo scopo di inviare pubblicit\u00e0 e\/od offrire servizi in linea con le preferenze manifestate dall\u2019utente durante la navigazione in rete (c.d. \u201ccookie di profilazione\u201d). Solo i cookie di profilazione richiedono il consenso preventivo dell\u2019utente al loro utilizzo.<\/li>\n<\/ul>\n<p>Tramite i Siti sono installati cookie tecnici di prima e di terza parte e cookie di profilazione e\/o altri marcatori di prima e di terza parte, come meglio descritti nelle tabelle che seguono.<\/p>\n<h4>Modalit\u00e0 per manifestare il consenso ai cookie di profilazione<\/h4>\n<p>In occasione della prima visita ai Siti, l\u2019utente pu\u00f2 accettare tutti i cookie tramite il compimento di una delle seguenti azioni:<\/p>\n<ul class=\"styled\">\n<li>chiudendo il banner cliccando sulla X o su \u201cOK\u201d presenti nel banner stesso oppure<\/li>\n<li>accedendo ad altra area del sito o cliccando su qualunque elemento della pagina (immagine o link) esterno al banner; oppure<\/li>\n<li>scorrendo la pagina.<\/li>\n<\/ul>\n<p>In occasione della prima visita ai Siti, se non compie nessuna delle azioni descritte nel banner ma, dal banner, accede all\u2019informativa estesa, l\u2019utente pu\u00f2:<\/p>\n<ul class=\"styled\">\n<li>negare il consenso alla installazione dei cookie cliccando sull\u2019apposito link presente nelle tabelle che seguono in calce alla descrizione di ciascun cookie (denominato \u201cOpt-Out\u201d);<\/li>\n<\/ul>\n<p>In occasione di successive visite ai Siti (a condizione che l\u2019utente abbia precedentemente manifestato la propria preferenza circa l\u2019utilizzo dei cookie, come indicato ai punti 1 e 2 che precedono), accedendo alla informativa estesa attraverso il link \u201ccookie policy\u201d presente nel footer di ogni pagina dei Siti e negando il consenso ai cookie cliccando sull\u2019apposito link presente nelle tabelle che seguono in calce alla descrizione di ciascun cookie (denominato \u201cOpt-Out\u201d).<\/p>\n<p>In ogni caso, attraverso le impostazioni del browser. L\u2019Utente pu\u00f2 cio\u00e8: (i) gestire le preferenze relative ai cookie direttamente all\u2019interno del proprio browser, impedendone l\u2019installazione; (ii) eliminare dal proprio browser i cookie gi\u00e0 installati, incluso il cookie in cui \u00e8 stato salvato il consenso, eventualmente prestato dall\u2019Utente, all\u2019installazione di cookie da parte dei Siti. L\u2019Utente pu\u00f2 trovare informazioni su come gestire i cookie tramite il suo browser ai seguenti indirizzi: <a href=\"https:\/\/support.google.com\/chrome\/answer\/95647?hl=it&amp;p=cpn_cookies\" target=\"_blank\" rel=\"noopener noreferrer\">Google Chrome<\/a>, <a href=\"https:\/\/support.mozilla.org\/it\/kb\/Attivare%20e%20disattivare%20i%20cookie?redirectlocale=en-US&amp;redirectslug=Enabling+and+disabling+cookies\" target=\"_blank\" rel=\"noopener noreferrer\">Mozilla Firefox<\/a>, <a href=\"https:\/\/support.apple.com\/kb\/PH19214?viewlocale=it_IT&amp;locale=en_US\" target=\"_blank\" rel=\"noopener noreferrer\">Apple Safari<\/a> and <a href=\"http:\/\/windows.microsoft.com\/it-it\/windows-vista\/block-or-allow-cookies\" target=\"_blank\" rel=\"noopener noreferrer\">Microsoft Windows Explorer<\/a>.<\/p>\n<p>Per i cookie di pubblicit\u00e0 comportamentale l\u2019Utente potr\u00e0 anche impostare le proprie preferenze attraverso il sito <a href=\"http:\/\/www.youronlinechoices.com\/\" target=\"_blank\" rel=\"noopener noreferrer\">Your Online Choices<\/a> (il sistema opera con riferimento alle societ\u00e0 aderenti che utilizzano cookie per pubblicit\u00e0 comportamentale).<\/p>\n<p><strong>COOKIE POLICY<\/strong><br \/>\nQuesto sito utilizza cookie, anche di terze parti, per migliorarne l\u2019esperienza di navigazione e consentire a chi naviga di usufruire dei nostri servizi online e di visualizzare pubblicit\u00e0 in linea con le proprie preferenze. I cookies utilizzati in questo sito rientrano nelle categorie descritte di seguito;<br \/>\nSe prosegui nella navigazione acconsenti all\u2019utilizzo dei cookie.<br \/>\nIn qualunque momento \u00e8 possibile disabilitare i cookies presenti sul browser; ti ricordiamo che quest\u2019opzione potrebbe limitare molte delle funzionalit\u00e0 di navigazione del sito.<\/p>\n<p><strong>ISTRUZIONI DISABILITAZIONE COOKIES DAI BROWSERS<\/strong><\/p>\n<ul>\n<li><strong>Se si utilizza Internet Explorer<\/strong><br \/>\nIn Internet Explorer, fare clic su \u201cStrumenti\u201d poi \u201cOpzioni Internet\u201d. Nella scheda Privacy, spostare il cursore verso l\u2019alto per bloccare tutti i cookie o verso il basso per consentire a tutti i cookie, e quindi fare clic su OK.<\/li>\n<li><strong>Se si utilizza il browser Firefox<\/strong><br \/>\nVai al menu \u201cStrumenti\u201d del browser e selezionare il menu \u201cOpzioni\u201d Fare clic sulla scheda \u201cPrivacy\u201d, deselezionare la casella \u201cAccetta cookie\u201d e fare clic su OK.<\/li>\n<li><strong>Se si utilizza il browser Safari<\/strong><br \/>\nIn Browser della votazione, selezionare il menu \u201cModifica\u201d e selezionare \u201cPreferences\u201d. Clicca su \u201cPrivacy\u201d. Posizionare l\u2019impostazione \u201ccookies Block\u201d sempre \u201ce fare clic su OK.<\/li>\n<li><strong>Se si utilizza il browser Google Chrome<\/strong><br \/>\nFai clic sul menu Chrome nella barra degli strumenti del browser. Selezionare \u201cImpostazioni\u201d. Fare clic su \u201cMostra impostazioni avanzate\u201d. Nella sezione \u201cPrivacy\u201d, fai clic sul pulsante \u201cImpostazioni contenuti\u201d. Nella sezione \u201cCookies\u201d, selezionare \u201cNon consentire ai siti per memorizzare i dati\u201d e di controllo \u201ccookie di blocco e di terze parti i dati sito\u201d, e quindi fare clic su OK.<\/li>\n<\/ul>\n<p>Se usi un qualsiasi altro browser, cerca nelle Impostazioni del browser la modalit\u00e0 di gestione dei cookies. oppure visita questo <a href=\"http:\/\/www.allaboutcookies.org\/manage-cookies\/index.html\" target=\"_blank\" rel=\"noopener noreferrer\">sito<\/a>.<\/p>\n<p><strong>COSA SONO I COOKIES<\/strong><br \/>\nI cookies sono piccoli file di testo che vengono automaticamente posizionati sul PC del navigatore all\u2019interno del browser. Essi contengono informazioni di base sulla navigazione in Internet e grazie al browser vengono riconosciuti ogni volta che l\u2019utente visita il sito.<\/p>\n<p><strong>GESTIONE DEI COOKIE<\/strong><\/p>\n<ul>\n<li><strong>COOKIE TECNICI<\/strong>\n<ul>\n<li><em><strong>Attivit\u00e0 strettamente necessarie al funzionamento<\/strong><\/em><br \/>\nQuesti cookies hanno natura tecnica e permettono al sito di funzionare correttamente. Ad esempio, mantengono l\u2019utente collegato durante la navigazione evitando che il sito richieda di collegarsi pi\u00f9 volte per accedere alle pagine successive.<\/li>\n<li><strong><em>Attivit\u00e0 di salvataggio delle preferenze<\/em><\/strong><br \/>\nQuesti cookie permettono di ricordare le preferenze selezionate dall\u2019utente durante la navigazione, ad esempio, consentono di impostare la lingua.<\/li>\n<li><em><strong>Attivit\u00e0 Statistiche e di Misurazione dell\u2019audience<\/strong><\/em><br \/>\nQuesti cookie ci aiutano a capire, attraverso dati raccolti in forma anonima e aggregata, come gli utenti interagiscono con i nostri siti internet fornendoci informazioni relative alle sezioni visitate, il tempo trascorso sul sito, eventuali malfunzionamenti. Questo ci aiuta a migliorare la resa dei nostri siti internet.<\/li>\n<\/ul>\n<\/li>\n<li><strong>COOKIE DI PROFILAZIONE DI TERZA PARTE<\/strong><br \/>\nFacciamo uso di svariati fornitori che possono a loro volta installare cookies per il corretto funzionamento dei servizi che stanno fornendo. Se desiderate avere informazioni relative a questi cookie di terza parte e su come disabilitarli vi preghiamo di accedere ai link delle tabelle qui di seguito.<br \/>\nInoltre accedendo alla pagina <a href=\"http:\/\/www.youronlinechoices.com\/it\/le-tue-scelte\" target=\"_blank\" rel=\"noopener noreferrer\">http:\/\/www.youronlinechoices.com\/it\/le-tue-scelte<\/a> \u00e8 possibile informarsi sulla pubblicit\u00e0 comportamentale oltre che disattivare o attivare le societ\u00e0 elencate e che lavorano con i gestori dei siti web per raccogliere e utilizzare informazioni utili alla fruizione della pubblicit\u00e0.<\/li>\n<\/ul>\n<p><strong>Cookies tecnici atti al corretto funzionamento di servizi terzi<\/strong><br \/>\nQuesti cookie ci permettono di monitorare le performance del sito. Qui di seguito l\u2019elenco dei servizi utilizzati e i link alle rispettive pagine di privacy policy.<\/p>\n<ul>\n<li>Google Maps \u2013 Virtual Tour: componente web \u2013 Cookie tecnico strettamente necessario<br \/>\n(nome del cookie: khcookie) \u2013 <a href=\"https:\/\/www.google.com\/intl\/it\/policies\/\" target=\"_blank\" rel=\"noopener noreferrer\">privacy policy<\/a><\/li>\n<\/ul>\n<p><strong>Cookie Statistici e di Misurazione dell\u2019audience di terza parte<\/strong><br \/>\nQuesti cookie (servizi web di terza parte) forniscono informazioni anonime \/ aggregate sul modo in cui i visitatori navigano sul sito. Di seguito i link alle rispettive pagine di privacy policy.<\/p>\n<ul>\n<li>Google<br \/>\nGoogle Analytics: sistema di statistiche \u2013 Cookies analitici \u2013 <a href=\"https:\/\/support.google.com\/analytics\/answer\/6004245\" target=\"_blank\" rel=\"noopener noreferrer\">privacy policy<\/a><\/li>\n<li>Adobe<br \/>\nAdobe Analytics: sistema di statistiche \u2013 Cookies analitici \u2013 <a href=\"http:\/\/www.adobe.com\/privacy\/policy.html\" target=\"_blank\" rel=\"noopener noreferrer\">privacy policy<\/a><\/li>\n<li>Google<br \/>\nConteggio conversioni campagne adword \u2013 Cookies di conversione \u2013 <a href=\"https:\/\/www.google.com\/intl\/it\/policies\/\" target=\"_blank\" rel=\"noopener noreferrer\">privacy policy<\/a><\/li>\n<\/ul>\n<p><strong>Cookie di profilazione e di social media sharing<\/strong><br \/>\nQuesti cookie di terza parte vengono utilizzati per integrare alcune diffuse funzionalit\u00e0 dei principali social media e fornirle all\u2019interno del sito. In particolare permettono la registrazione e l\u2019autenticazione sul sito tramite facebook e google connect, la condivisione e i commenti di pagine del sito sui social, abilitano le funzionalit\u00e0 del \u201cmi piace\u201d su Facebook e del \u201c+1\u2033 su G+.<br \/>\nDi seguito i link alle rispettive pagine di privacy policy.<\/p>\n<ul>\n<li>Facebook \u2013 social media \u2013 <a href=\"https:\/\/www.facebook.com\/about\/privacy\/\" target=\"_blank\" rel=\"noopener noreferrer\">privacy policy<\/a><\/li>\n<li>G+ \u2013 social media \u2013 <a href=\"https:\/\/www.google.com\/intl\/it\/policies\/\" target=\"_blank\" rel=\"noopener noreferrer\">privacy policy<\/a><\/li>\n<li>Twitter \u2013 social media \u2013 <a href=\"https:\/\/twitter.com\/privacy?lang=it\" target=\"_blank\" rel=\"noopener noreferrer\">privacy policy<\/a><\/li>\n<\/ul>\n<p><strong>Per maggiori informazioni sui cookie:<\/strong><\/p>\n<ul>\n<li><a href=\"http:\/\/www.garanteprivacy.it\/web\/guest\/home\/docweb\/-\/docweb-display\/docweb\/3118884\" target=\"_blank\" rel=\"noopener noreferrer\">Individuazione delle modalit\u00e0 semplificate per l\u2019informativa e l\u2019acquisizione del consenso per l\u2019uso dei cookie \u2013 8 maggio 2014<\/a><\/li>\n<li><a href=\"http:\/\/www.garanteprivacy.it\/web\/guest\/home\/docweb\/-\/docweb-display\/docweb\/2142939\" target=\"_blank\" rel=\"noopener noreferrer\">Faq in materia di cookie<\/a><\/li>\n<\/ul>\n<p><strong>DIRITTI DEGLI INTERESSATI E TITOLARE DEL TRATTAMENTO DEI DATI PERSONALI<\/strong><\/p>\n<p>L\u2019utente ha il diritto di accedere ai suoi dati personali, di ottenere il loro aggiornamento o la loro rettifica se i dati non sono corretti e la loro cancellazione. Questi diritti vengono esercitati mediante la propria configurazione della pagina web.<\/p>\n<p>Per comodit\u00e0 dell\u2019utente riportiamo un elenco completo dei suoi diritti.<\/p>\n<p><strong>Diritto di accesso ai dati personali ed altri diritti<\/strong><\/p>\n<p><strong>1.<\/strong> L\u2019interessato ha diritto di ottenere la conferma dell\u2019esistenza o meno di dati personali che lo riguardano, anche se non ancora registrati, e la loro comunicazione in forma intelligibile.<br \/>\n<strong>2.<\/strong> L\u2019interessato ha diritto di ottenere l\u2019indicazione:<br \/>\na) dell\u2019origine dei dati personali;<br \/>\nb) delle finalit\u00e0 e modalit\u00e0 del trattamento;<br \/>\nc) della logica applicata in caso di trattamento effettuato con l\u2019ausilio di strumenti elettronici;<br \/>\nd) degli estremi identificativi del titolare, dei responsabili e del rappresentante designato ai sensi dell\u2019articolo 5, comma 2;<br \/>\ne) dei soggetti o delle categorie di soggetti ai quali i dati personali possono essere comunicati o che possono venirne a conoscenza in qualit\u00e0 di rappresentante designato nel territorio dello Stato, di responsabili o incaricati.<br \/>\n<strong>3.<\/strong> L\u2019interessato ha diritto di ottenere:<br \/>\na) l\u2019aggiornamento, la rettificazione ovvero, quando vi ha interesse, l\u2019integrazione dei dati;<br \/>\nb) la cancellazione, la trasformazione in forma anonima o il blocco dei dati trattati in violazione di legge, compresi quelli di cui non \u00e8 necessaria la conservazione in relazione agli scopi per i quali i dati sono stati raccolti o successivamente trattati;<br \/>\nc) l\u2019attestazione che le operazioni di cui alle lettere a) e b) sono state portate a conoscenza, anche per quanto riguarda il loro contenuto, di coloro ai quali i dati sono stati comunicati o diffusi, eccettuato il caso in cui tale adempimento si rivela impossibile o comporta un impiego di mezzi manifestamente sproporzionato rispetto al diritto tutelato.<br \/>\n<strong>4.<\/strong> L\u2019interessato ha diritto di opporsi, in tutto o in parte:<br \/>\na) per motivi legittimi al trattamento dei dati personali che lo riguardano, ancorch\u00e9 pertinenti allo scopo della raccolta;<br \/>\nb) al trattamento di dati personali che lo riguardano a fini di invio di materiale pubblicitario o di vendita diretta o per il compimento di ricerche di mercato o di comunicazione commerciale.<\/p>\n<p>In ogni momento l\u2019utente potr\u00e0 esercitare i diritti sopra indicati contattando il Titolare del trattamento, inviando esplicita richiesta attraverso il <a href=\"https:\/\/www.turanoresort.it\/contatta-il-d-p-o\/\">Modulo contatti<\/a> presente sul sito.<\/p>\n<p>Le richieste verranno esaminate quanto prima e alle stesse sar\u00e0 dato riscontro senza ritardo, secondo quanto previsto dalla legge.<\/p>\n<div class=\"expand-content\">\n<div class=\"expand-content\">\n<p><strong>TITOLARE DEL TRATTAMENTO DEI DATI<\/strong><\/p>\n<p>Avv. Giovanni Vespaziani<\/p>\n<p><b>Indirizzo email del Titolare:<\/b> info@turanoresort.it<\/p>\n<p><strong>INFORMAZIONI FORNITE DA TURANO RESORT SRLS AI SENSI DELL\u2019ART. 13 DEL CODICE DELLA PRIVACY<\/strong><\/p>\n<p>Rispetto alle informazioni raccolte dai cookie installati direttamente dai Siti, l&#8217;Avv. Giovanni Vespaziani, in qualit\u00e0 di titolare del trattamento, precisa quanto segue:<\/p>\n<ul class=\"styled\">\n<li>i dati sono raccolti solo per le finalit\u00e0 e per la durata indicate nelle tabelle che precedono e sono trattati con modalit\u00e0 informatiche;<\/li>\n<li>per quanto riguarda i cookie \u201ctecnici\u201d, come sopra indicati, si ribadisce l\u2019utilizzo di tali cookie non richiede il consenso preventivo dell\u2019utente poich\u00e9 si tratta di cookie necessari a consentire la navigazione all\u2019interno dei Siti e il corretto funzionamento dei Siti medesimi. In caso di rimozione dei cookie tecnici attraverso le impostazioni del browser, la navigazione all\u2019interno dei Siti potrebbe non essere, in tutto o in parte, possibile;<\/li>\n<li>i dati raccolti dai cookie di prima parte potranno essere comunicati a soggetti che agiscono per conto dell&#8217;Avv. Giovanni Vespaziani in qualit\u00e0 di responsabili o incaricati del trattamento, per finalit\u00e0 connesse a quelle sopra descritte. Rispetto a tali dati, si ricorda all\u2019utente che pu\u00f2 esercitare i diritti di cui all\u2019art. 7 del Codice della Privacy, come meglio descritti nella Informativa sul trattamento dei dati personali disponibile selezionando il link \u201c<a href=\"https:\/\/www.turanoresort.it\/privacy-policy\/\">Privacy Policy<\/a>\u201d presente nel footer di ciascuna pagina dei Siti.<\/li>\n<\/ul>\n<p>Infine, con riferimento ai cookie di terze parti, si ricorda che le finalit\u00e0 di tali cookie, le logiche sottese ai relativi trattamenti nonch\u00e9 la gestione delle preferenze dell\u2019utente rispetto ai cookie medesimi non sono determinate e\/o verificate da questo spazio online, ma dal soggetto terzo che li fornisce, in qualit\u00e0 di fornitore e titolare del trattamento, come indicato nella tabella sopra riportata. Tuttavia, indipendentemente dal fatto che questo spazio online ritenga che l\u2019utente abbia validamente espresso il proprio consenso all\u2019installazione dei cookie, anche di terzi, questo spazio online si impegna a fornire supporto all\u2019utente che ne faccia richiesta \u2013 presso le informazioni di contatto indicate \u2013 circa le modalit\u00e0 per esercitare il proprio consenso \/diniego selettivo ovvero per cancellare i cookie dal proprio browser.<\/p>\n<h4 class=\"expand-click w_icon_24 icon_ribbon\">DEFINIZIONI E RIFERIMENTI LEGALI<\/h4>\n<div class=\"expand-content\">\n<h4>Dati Personali (o Dati)<\/h4>\n<p>Costituisce dato personale qualunque informazione relativa a persona fisica, identificata o identificabile, anche indirettamente, mediante riferimento a qualsiasi altra informazione, ivi compreso un numero di identificazione personale.<\/p>\n<h4>Dati di Utilizzo<\/h4>\n<p>Sono i dati personali raccolti in maniera automatica tramite i Siti, tra i quali: gli indirizzi IP o i nomi a dominio dei computer utilizzati dall\u2019Utente che si connette ai Siti, gli indirizzi in notazione URI (Uniform Resource Identifier), l\u2019orario della richiesta, il metodo utilizzato nel sottoporre la richiesta al server, la dimensione del file ottenuto in risposta, il codice numerico indicante lo stato della risposta dal server (buon fine, errore, ecc.) il paese di provenienza, le caratteristiche del browser e del sistema operativo utilizzati dal visitatore, le varie connotazioni temporali della visita (ad esempio il tempo di permanenza su ciascuna pagina) e i dettagli relativi all\u2019itinerario seguito all\u2019interno dei Siti, con particolare riferimento alla sequenza delle pagine consultate, ai parametri relativi al sistema operativo e all\u2019ambiente informatico dell\u2019Utente.<\/p>\n<p><strong>Utente<\/strong><br \/>\nLa persona fisica che naviga sui Siti.<\/p>\n<p><strong>Interessato<\/strong><br \/>\nL\u2019Utente a cui si riferiscono i Dati Personali.<\/p>\n<\/div>\n<\/div>\n<\/div>\n","protected":false},"excerpt":{"rendered":"<p>Che cosa sono i cookie e a che cosa servono Un cookie \u00e8 un piccolo file di testo che un sito web visitato dall\u2019utente invia al suo terminale (computer, dispositivo mobile quale smartphone o tablet) dove viene memorizzato per essere [&hellip;]<\/p>\n","protected":false},"author":1,"featured_media":0,"parent":0,"menu_order":0,"comment_status":"closed","ping_status":"closed","template":"","meta":[],"yoast_head":"<!-- This site is optimized with the Yoast SEO plugin v19.4 - https:\/\/yoast.com\/wordpress\/plugins\/seo\/ -->\n<title>Cookie policy - Turano Resort &amp; Spa<\/title>\n<meta name=\"robots\" content=\"index, follow, max-snippet:-1, max-image-preview:large, max-video-preview:-1\" \/>\n<link rel=\"canonical\" href=\"https:\/\/www.turanoresort.it\/de\/cookie-policy-2\/\" \/>\n<meta property=\"og:locale\" content=\"de_DE\" \/>\n<meta property=\"og:type\" content=\"article\" \/>\n<meta property=\"og:title\" content=\"Cookie policy - Turano Resort &amp; Spa\" \/>\n<meta property=\"og:description\" content=\"Che cosa sono i cookie e a che cosa servono Un cookie \u00e8 un piccolo file di testo che un sito web visitato dall\u2019utente invia al suo terminale (computer, dispositivo mobile quale smartphone o tablet) dove viene memorizzato per essere [&hellip;]\" \/>\n<meta property=\"og:url\" content=\"https:\/\/www.turanoresort.it\/de\/cookie-policy-2\/\" \/>\n<meta property=\"og:site_name\" content=\"Turano Resort &amp; Spa\" \/>\n<meta name=\"twitter:card\" content=\"summary_large_image\" \/>\n<meta name=\"twitter:label1\" content=\"Gesch\u00e4tzte Lesezeit\" \/>\n\t<meta name=\"twitter:data1\" content=\"12 Minuten\" \/>\n<script type=\"application\/ld+json\" class=\"yoast-schema-graph\">{\"@context\":\"https:\/\/schema.org\",\"@graph\":[{\"@type\":\"WebSite\",\"@id\":\"https:\/\/www.turanoresort.it\/#website\",\"url\":\"https:\/\/www.turanoresort.it\/\",\"name\":\"Turano Resort &amp; Spa\",\"description\":\"Lago del Turano - Soggiorno da Favola\",\"potentialAction\":[{\"@type\":\"SearchAction\",\"target\":{\"@type\":\"EntryPoint\",\"urlTemplate\":\"https:\/\/www.turanoresort.it\/?s={search_term_string}\"},\"query-input\":\"required name=search_term_string\"}],\"inLanguage\":\"de-DE\"},{\"@type\":\"WebPage\",\"@id\":\"https:\/\/www.turanoresort.it\/de\/cookie-policy-2\/\",\"url\":\"https:\/\/www.turanoresort.it\/de\/cookie-policy-2\/\",\"name\":\"Cookie policy - Turano Resort &amp; Spa\",\"isPartOf\":{\"@id\":\"https:\/\/www.turanoresort.it\/#website\"},\"datePublished\":\"2022-03-08T17:22:24+00:00\",\"dateModified\":\"2022-03-08T17:22:24+00:00\",\"breadcrumb\":{\"@id\":\"https:\/\/www.turanoresort.it\/de\/cookie-policy-2\/#breadcrumb\"},\"inLanguage\":\"de-DE\",\"potentialAction\":[{\"@type\":\"ReadAction\",\"target\":[\"https:\/\/www.turanoresort.it\/de\/cookie-policy-2\/\"]}]},{\"@type\":\"BreadcrumbList\",\"@id\":\"https:\/\/www.turanoresort.it\/de\/cookie-policy-2\/#breadcrumb\",\"itemListElement\":[{\"@type\":\"ListItem\",\"position\":1,\"name\":\"Home\",\"item\":\"https:\/\/www.turanoresort.it\/de\/\"},{\"@type\":\"ListItem\",\"position\":2,\"name\":\"Cookie policy\"}]}]}<\/script>\n<!-- \/ Yoast SEO plugin. -->","yoast_head_json":{"title":"Cookie policy - Turano Resort &amp; Spa","robots":{"index":"index","follow":"follow","max-snippet":"max-snippet:-1","max-image-preview":"max-image-preview:large","max-video-preview":"max-video-preview:-1"},"canonical":"https:\/\/www.turanoresort.it\/de\/cookie-policy-2\/","og_locale":"de_DE","og_type":"article","og_title":"Cookie policy - Turano Resort &amp; Spa","og_description":"Che cosa sono i cookie e a che cosa servono Un cookie \u00e8 un piccolo file di testo che un sito web visitato dall\u2019utente invia al suo terminale (computer, dispositivo mobile quale smartphone o tablet) dove viene memorizzato per essere [&hellip;]","og_url":"https:\/\/www.turanoresort.it\/de\/cookie-policy-2\/","og_site_name":"Turano Resort &amp; Spa","twitter_card":"summary_large_image","twitter_misc":{"Gesch\u00e4tzte Lesezeit":"12 Minuten"},"schema":{"@context":"https:\/\/schema.org","@graph":[{"@type":"WebSite","@id":"https:\/\/www.turanoresort.it\/#website","url":"https:\/\/www.turanoresort.it\/","name":"Turano Resort &amp; Spa","description":"Lago del Turano - Soggiorno da Favola","potentialAction":[{"@type":"SearchAction","target":{"@type":"EntryPoint","urlTemplate":"https:\/\/www.turanoresort.it\/?s={search_term_string}"},"query-input":"required name=search_term_string"}],"inLanguage":"de-DE"},{"@type":"WebPage","@id":"https:\/\/www.turanoresort.it\/de\/cookie-policy-2\/","url":"https:\/\/www.turanoresort.it\/de\/cookie-policy-2\/","name":"Cookie policy - Turano Resort &amp; Spa","isPartOf":{"@id":"https:\/\/www.turanoresort.it\/#website"},"datePublished":"2022-03-08T17:22:24+00:00","dateModified":"2022-03-08T17:22:24+00:00","breadcrumb":{"@id":"https:\/\/www.turanoresort.it\/de\/cookie-policy-2\/#breadcrumb"},"inLanguage":"de-DE","potentialAction":[{"@type":"ReadAction","target":["https:\/\/www.turanoresort.it\/de\/cookie-policy-2\/"]}]},{"@type":"BreadcrumbList","@id":"https:\/\/www.turanoresort.it\/de\/cookie-policy-2\/#breadcrumb","itemListElement":[{"@type":"ListItem","position":1,"name":"Home","item":"https:\/\/www.turanoresort.it\/de\/"},{"@type":"ListItem","position":2,"name":"Cookie policy"}]}]}},"_links":{"self":[{"href":"https:\/\/www.turanoresort.it\/de\/wp-json\/wp\/v2\/pages\/3329"}],"collection":[{"href":"https:\/\/www.turanoresort.it\/de\/wp-json\/wp\/v2\/pages"}],"about":[{"href":"https:\/\/www.turanoresort.it\/de\/wp-json\/wp\/v2\/types\/page"}],"author":[{"embeddable":true,"href":"https:\/\/www.turanoresort.it\/de\/wp-json\/wp\/v2\/users\/1"}],"replies":[{"embeddable":true,"href":"https:\/\/www.turanoresort.it\/de\/wp-json\/wp\/v2\/comments?post=3329"}],"version-history":[{"count":0,"href":"https:\/\/www.turanoresort.it\/de\/wp-json\/wp\/v2\/pages\/3329\/revisions"}],"wp:attachment":[{"href":"https:\/\/www.turanoresort.it\/de\/wp-json\/wp\/v2\/media?parent=3329"}],"curies":[{"name":"wp","href":"https:\/\/api.w.org\/{rel}","templated":true}]}}